{"id":4963,"date":"2025-06-04T19:49:20","date_gmt":"2025-06-04T19:49:20","guid":{"rendered":"https:\/\/carefertility.net\/?page_id=4963"},"modified":"2025-06-04T20:19:43","modified_gmt":"2025-06-04T20:19:43","slug":"paquete-nuevo-paciente","status":"publish","type":"page","link":"https:\/\/carefertility.net\/es\/new-patient-package\/","title":{"rendered":"Paquete Nuevo Paciente"},"content":{"rendered":"<div data-elementor-type=\"wp-page\" data-elementor-id=\"4963\" class=\"elementor elementor-4963\" data-elementor-post-type=\"page\">\n\t\t\t\t<div class=\"elementor-element elementor-element-4d57dc6 e-con-full e-flex e-con e-parent\" data-id=\"4d57dc6\" data-element_type=\"container\" data-e-type=\"container\">\n\t\t<div class=\"elementor-element elementor-element-45de689 e-flex e-con-boxed e-con e-child\" data-id=\"45de689\" data-element_type=\"container\" data-e-type=\"container\">\n\t\t\t\t\t<div class=\"e-con-inner\">\n\t\t\t\t<div class=\"elementor-element elementor-element-00a38c2 elementor-widget elementor-widget-breadcrumbs\" data-id=\"00a38c2\" data-element_type=\"widget\" data-e-type=\"widget\" data-widget_type=\"breadcrumbs.default\">\n\t\t\t\t<div class=\"elementor-widget-container\">\n\t\t\t\t\t<p id=\"breadcrumbs\"><span><span><a href=\"https:\/\/carefertility.net\/es\/\">Inicio<\/a><\/span><\/span><\/p>\t\t\t\t<\/div>\n\t\t\t\t<\/div>\n\t\t\t\t<div class=\"elementor-element elementor-element-ecc037c elementor-widget elementor-widget-heading\" data-id=\"ecc037c\" data-element_type=\"widget\" data-e-type=\"widget\" data-widget_type=\"heading.default\">\n\t\t\t\t<div class=\"elementor-widget-container\">\n\t\t\t\t\t<h2 class=\"elementor-heading-title elementor-size-default\">Gracias por elegir CARE Fertility como tu centro de reproducci\u00f3n asistida.<\/h2>\t\t\t\t<\/div>\n\t\t\t\t<\/div>\n\t\t\t\t\t<\/div>\n\t\t\t\t<\/div>\n\t\t\t\t<\/div>\n\t\t<div class=\"elementor-element elementor-element-cf49096 e-flex e-con-boxed e-con e-parent\" data-id=\"cf49096\" data-element_type=\"container\" data-e-type=\"container\">\n\t\t\t\t\t<div class=\"e-con-inner\">\n\t\t<div class=\"elementor-element elementor-element-db29173 e-con-full e-flex e-con e-child\" data-id=\"db29173\" data-element_type=\"container\" data-e-type=\"container\">\n\t\t\t\t<div class=\"elementor-element elementor-element-83d12ee elementor-widget elementor-widget-text-editor\" data-id=\"83d12ee\" data-element_type=\"widget\" data-e-type=\"widget\" data-no-translation=\"\" data-widget_type=\"text-editor.default\">\n\t\t\t\t<div class=\"elementor-widget-container\">\n\t\t\t\t\t<style>.elementor-element-83d12ee{display:none !important}<\/style>\t\t\t\t<\/div>\n\t\t\t\t<\/div>\n\t\t\t\t<div class=\"elementor-element elementor-element-25004d9 elementor-widget elementor-widget-text-editor\" data-id=\"25004d9\" data-element_type=\"widget\" data-e-type=\"widget\" data-no-translation=\"\" data-widget_type=\"text-editor.default\">\n\t\t\t\t<div class=\"elementor-widget-container\">\n\t\t\t\t\t\t\t\t\t<div class=\"wpb_text_column wpb_content_element\"><div class=\"wpb_wrapper\">Es un honor acompa\u00f1arte en este proceso, y estamos comprometidos a brindarte un cuidado excepcional. Nuestra misi\u00f3n es garantizar una comunicaci\u00f3n clara, soluciones m\u00e9dicas avanzadas y un servicio compasivo, adaptado especialmente a tus necesidades.<br \/>La experiencia de nuestro equipo combina profesionalismo y empat\u00eda, apoyada por los \u00faltimos avances en medicina reproductiva. Nos esforzamos por crear un ambiente de apoyo donde tus inquietudes sean escuchadas y tus preguntas siempre bienvenidas.<br \/>Te invitamos a revisar el\u00a0<a href=\"https:\/\/carefertility.net\/wp-content\/uploads\/2025\/06\/CARE_fertility_paquete_nuevo_paciente.pdf\" target=\"_blank\" rel=\"noopener\"><b data-stringify-type=\"bold\">Paquete para Nuevos Pacientes<\/b><\/a>\u00a0adjunto, donde encontrar\u00e1s detalles importantes acerca de tus derechos, las acreditaciones de nuestra cl\u00ednica e informaci\u00f3n general.Por favor, no dudes en contactarnos si requieres asistencia.<\/div><div>\u00a0<\/div><div class=\"wpb_wrapper\">Un cordial saludo,<\/div><div class=\"wpb_wrapper\"><b data-stringify-type=\"bold\">El equipo de CARE Fertility<\/b><br \/><a class=\"c-link\" href=\"tel:8182307778\" target=\"_blank\" rel=\"noopener noreferrer\" data-stringify-link=\"tel:8182307778\" data-sk=\"tooltip_parent\">(818) 230-7778<\/a><\/div><\/div>\t\t\t\t\t\t\t\t<\/div>\n\t\t\t\t<\/div>\n\t\t\t\t<\/div>\n\t\t\t\t\t<\/div>\n\t\t\t\t<\/div>\n\t\t\t\t<\/div>","protected":false},"excerpt":{"rendered":"<p>Thank you for choosing CARE Fertility as your Reproductive Center. We are honored to support you on your journey and committed to delivering exceptional care. Our mission is to ensure clear communication, advanced medical solutions, and compassionate service tailored specifically to your unique needs.Our team&#8217;s expertise combines professionalism with empathy, enhanced by the latest advancements [&hellip;]<\/p>\n","protected":false},"author":2,"featured_media":0,"parent":0,"menu_order":0,"comment_status":"closed","ping_status":"closed","template":"elementor_header_footer","meta":{"_acf_changed":false,"footnotes":""},"class_list":["post-4963","page","type-page","status-publish","hentry"],"acf":[],"yoast_head":"<!-- This site is optimized with the Yoast SEO plugin v27.4 - https:\/\/yoast.com\/product\/yoast-seo-wordpress\/ -->\n<title>New Patient Package - Care Fertility<\/title>\n<meta name=\"robots\" content=\"index, follow, max-snippet:-1, max-image-preview:large, max-video-preview:-1\" \/>\n<link rel=\"canonical\" href=\"https:\/\/carefertility.net\/es\/paquete-nuevo-paciente\/\" \/>\n<meta property=\"og:locale\" content=\"es_ES\" \/>\n<meta property=\"og:type\" content=\"article\" \/>\n<meta property=\"og:title\" content=\"New Patient Package - Care Fertility\" \/>\n<meta property=\"og:description\" content=\"Thank you for choosing CARE Fertility as your Reproductive Center. We are honored to support you on your journey and committed to delivering exceptional care. Our mission is to ensure clear communication, advanced medical solutions, and compassionate service tailored specifically to your unique needs.Our team&#8217;s expertise combines professionalism with empathy, enhanced by the latest advancements [&hellip;]\" \/>\n<meta property=\"og:url\" content=\"https:\/\/carefertility.net\/es\/paquete-nuevo-paciente\/\" \/>\n<meta property=\"og:site_name\" content=\"Care Fertility\" \/>\n<meta property=\"article:modified_time\" content=\"2025-06-04T20:19:43+00:00\" \/>\n<meta name=\"twitter:card\" content=\"summary_large_image\" \/>\n<meta name=\"twitter:label1\" content=\"Tiempo de lectura\" \/>\n\t<meta name=\"twitter:data1\" content=\"2 minutos\" \/>\n<script type=\"application\/ld+json\" class=\"yoast-schema-graph\">{\"@context\":\"https:\\\/\\\/schema.org\",\"@graph\":[{\"@type\":\"WebPage\",\"@id\":\"https:\\\/\\\/carefertility.net\\\/new-patient-package\\\/\",\"url\":\"https:\\\/\\\/carefertility.net\\\/new-patient-package\\\/\",\"name\":\"New Patient Package - Care Fertility\",\"isPartOf\":{\"@id\":\"https:\\\/\\\/carefertility.net\\\/#website\"},\"datePublished\":\"2025-06-04T19:49:20+00:00\",\"dateModified\":\"2025-06-04T20:19:43+00:00\",\"breadcrumb\":{\"@id\":\"https:\\\/\\\/carefertility.net\\\/new-patient-package\\\/#breadcrumb\"},\"inLanguage\":\"es\",\"potentialAction\":[{\"@type\":\"ReadAction\",\"target\":[\"https:\\\/\\\/carefertility.net\\\/new-patient-package\\\/\"]}]},{\"@type\":\"BreadcrumbList\",\"@id\":\"https:\\\/\\\/carefertility.net\\\/new-patient-package\\\/#breadcrumb\",\"itemListElement\":[{\"@type\":\"ListItem\",\"position\":1,\"name\":\"Home\",\"item\":\"https:\\\/\\\/carefertility.net\\\/\"},{\"@type\":\"ListItem\",\"position\":2,\"name\":\"New Patient Package\"}]},{\"@type\":\"WebSite\",\"@id\":\"https:\\\/\\\/carefertility.net\\\/#website\",\"url\":\"https:\\\/\\\/carefertility.net\\\/\",\"name\":\"Care Fertility\",\"description\":\"\",\"publisher\":{\"@id\":\"https:\\\/\\\/carefertility.net\\\/#organization\"},\"potentialAction\":[{\"@type\":\"SearchAction\",\"target\":{\"@type\":\"EntryPoint\",\"urlTemplate\":\"https:\\\/\\\/carefertility.net\\\/?s={search_term_string}\"},\"query-input\":{\"@type\":\"PropertyValueSpecification\",\"valueRequired\":true,\"valueName\":\"search_term_string\"}}],\"inLanguage\":\"es\"},{\"@type\":\"Organization\",\"@id\":\"https:\\\/\\\/carefertility.net\\\/#organization\",\"name\":\"Care Fertility\",\"url\":\"https:\\\/\\\/carefertility.net\\\/\",\"logo\":{\"@type\":\"ImageObject\",\"inLanguage\":\"es\",\"@id\":\"https:\\\/\\\/carefertility.net\\\/#\\\/schema\\\/logo\\\/image\\\/\",\"url\":\"https:\\\/\\\/carefertility.net\\\/wp-content\\\/uploads\\\/2024\\\/03\\\/marca-care-fertility.png\",\"contentUrl\":\"https:\\\/\\\/carefertility.net\\\/wp-content\\\/uploads\\\/2024\\\/03\\\/marca-care-fertility.png\",\"width\":191,\"height\":64,\"caption\":\"Care Fertility\"},\"image\":{\"@id\":\"https:\\\/\\\/carefertility.net\\\/#\\\/schema\\\/logo\\\/image\\\/\"}}]}<\/script>\n<!-- \/ Yoast SEO plugin. -->","yoast_head_json":{"title":"New Patient Package - Care Fertility","robots":{"index":"index","follow":"follow","max-snippet":"max-snippet:-1","max-image-preview":"max-image-preview:large","max-video-preview":"max-video-preview:-1"},"canonical":"https:\/\/carefertility.net\/es\/paquete-nuevo-paciente\/","og_locale":"es_ES","og_type":"article","og_title":"New Patient Package - Care Fertility","og_description":"Thank you for choosing CARE Fertility as your Reproductive Center. We are honored to support you on your journey and committed to delivering exceptional care. Our mission is to ensure clear communication, advanced medical solutions, and compassionate service tailored specifically to your unique needs.Our team&#8217;s expertise combines professionalism with empathy, enhanced by the latest advancements [&hellip;]","og_url":"https:\/\/carefertility.net\/es\/paquete-nuevo-paciente\/","og_site_name":"Care Fertility","article_modified_time":"2025-06-04T20:19:43+00:00","twitter_card":"summary_large_image","twitter_misc":{"Tiempo de lectura":"2 minutos"},"schema":{"@context":"https:\/\/schema.org","@graph":[{"@type":"WebPage","@id":"https:\/\/carefertility.net\/new-patient-package\/","url":"https:\/\/carefertility.net\/new-patient-package\/","name":"New Patient Package - Care Fertility","isPartOf":{"@id":"https:\/\/carefertility.net\/#website"},"datePublished":"2025-06-04T19:49:20+00:00","dateModified":"2025-06-04T20:19:43+00:00","breadcrumb":{"@id":"https:\/\/carefertility.net\/new-patient-package\/#breadcrumb"},"inLanguage":"es","potentialAction":[{"@type":"ReadAction","target":["https:\/\/carefertility.net\/new-patient-package\/"]}]},{"@type":"BreadcrumbList","@id":"https:\/\/carefertility.net\/new-patient-package\/#breadcrumb","itemListElement":[{"@type":"ListItem","position":1,"name":"Home","item":"https:\/\/carefertility.net\/"},{"@type":"ListItem","position":2,"name":"New Patient Package"}]},{"@type":"WebSite","@id":"https:\/\/carefertility.net\/#website","url":"https:\/\/carefertility.net\/","name":"Care Fertility","description":"","publisher":{"@id":"https:\/\/carefertility.net\/#organization"},"potentialAction":[{"@type":"SearchAction","target":{"@type":"EntryPoint","urlTemplate":"https:\/\/carefertility.net\/?s={search_term_string}"},"query-input":{"@type":"PropertyValueSpecification","valueRequired":true,"valueName":"search_term_string"}}],"inLanguage":"es"},{"@type":"Organization","@id":"https:\/\/carefertility.net\/#organization","name":"Care Fertility","url":"https:\/\/carefertility.net\/","logo":{"@type":"ImageObject","inLanguage":"es","@id":"https:\/\/carefertility.net\/#\/schema\/logo\/image\/","url":"https:\/\/carefertility.net\/wp-content\/uploads\/2024\/03\/marca-care-fertility.png","contentUrl":"https:\/\/carefertility.net\/wp-content\/uploads\/2024\/03\/marca-care-fertility.png","width":191,"height":64,"caption":"Care Fertility"},"image":{"@id":"https:\/\/carefertility.net\/#\/schema\/logo\/image\/"}}]}},"_links":{"self":[{"href":"https:\/\/carefertility.net\/es\/wp-json\/wp\/v2\/pages\/4963","targetHints":{"allow":["GET"]}}],"collection":[{"href":"https:\/\/carefertility.net\/es\/wp-json\/wp\/v2\/pages"}],"about":[{"href":"https:\/\/carefertility.net\/es\/wp-json\/wp\/v2\/types\/page"}],"author":[{"embeddable":true,"href":"https:\/\/carefertility.net\/es\/wp-json\/wp\/v2\/users\/2"}],"replies":[{"embeddable":true,"href":"https:\/\/carefertility.net\/es\/wp-json\/wp\/v2\/comments?post=4963"}],"version-history":[{"count":7,"href":"https:\/\/carefertility.net\/es\/wp-json\/wp\/v2\/pages\/4963\/revisions"}],"predecessor-version":[{"id":4974,"href":"https:\/\/carefertility.net\/es\/wp-json\/wp\/v2\/pages\/4963\/revisions\/4974"}],"wp:attachment":[{"href":"https:\/\/carefertility.net\/es\/wp-json\/wp\/v2\/media?parent=4963"}],"curies":[{"name":"wp","href":"https:\/\/api.w.org\/{rel}","templated":true}]}}