{"id":4840,"date":"2025-05-21T14:13:13","date_gmt":"2025-05-21T14:13:13","guid":{"rendered":"https:\/\/carefertility.net\/?page_id=4840"},"modified":"2025-05-26T20:24:37","modified_gmt":"2025-05-26T20:24:37","slug":"antoine-la","status":"publish","type":"page","link":"https:\/\/carefertility.net\/es\/antoine-la\/","title":{"rendered":"Antoine La"},"content":{"rendered":"<div data-elementor-type=\"wp-page\" data-elementor-id=\"4840\" class=\"elementor elementor-4840\" data-elementor-post-type=\"page\">\n\t\t\t\t<div class=\"elementor-element elementor-element-c493007 e-flex e-con-boxed e-con e-parent\" data-id=\"c493007\" data-element_type=\"container\" data-e-type=\"container\" data-settings=\"{&quot;background_background&quot;:&quot;classic&quot;}\">\n\t\t\t\t\t<div class=\"e-con-inner\">\n\t\t\t\t<div class=\"elementor-element elementor-element-9ebd32c elementor-widget elementor-widget-heading\" data-id=\"9ebd32c\" data-element_type=\"widget\" data-e-type=\"widget\" data-widget_type=\"heading.default\">\n\t\t\t\t<div class=\"elementor-widget-container\">\n\t\t\t\t\t<h2 class=\"elementor-heading-title elementor-size-default\">Antoine La<\/h2>\t\t\t\t<\/div>\n\t\t\t\t<\/div>\n\t\t\t\t<div class=\"elementor-element elementor-element-1a61ac1 elementor-widget__width-initial elementor-widget-mobile__width-inherit elementor-widget elementor-widget-heading\" data-id=\"1a61ac1\" data-element_type=\"widget\" data-e-type=\"widget\" data-widget_type=\"heading.default\">\n\t\t\t\t<div class=\"elementor-widget-container\">\n\t\t\t\t\t<h2 class=\"elementor-heading-title elementor-size-default\">Director del Laboratorio de Embriolog\u00eda<\/h2>\t\t\t\t<\/div>\n\t\t\t\t<\/div>\n\t\t<div class=\"elementor-element elementor-element-9c41849 e-flex e-con-boxed e-con e-child\" data-id=\"9c41849\" data-element_type=\"container\" data-e-type=\"container\">\n\t\t\t\t\t<div class=\"e-con-inner\">\n\t\t\t\t<div class=\"elementor-element elementor-element-5aa3d19 elementor-align-center elementor-widget-mobile__width-inherit elementor-mobile-align-justify elementor-widget elementor-widget-button\" data-id=\"5aa3d19\" data-element_type=\"widget\" data-e-type=\"widget\" data-widget_type=\"button.default\">\n\t\t\t\t<div class=\"elementor-widget-container\">\n\t\t\t\t\t\t\t\t\t<div class=\"elementor-button-wrapper\">\n\t\t\t\t\t<a class=\"elementor-button elementor-button-link elementor-size-sm\" href=\"\/es\/contacto\/\">\n\t\t\t\t\t\t<span class=\"elementor-button-content-wrapper\">\n\t\t\t\t\t\t\t\t\t<span class=\"elementor-button-text\">Solicita tu consulta gratuita<\/span>\n\t\t\t\t\t<\/span>\n\t\t\t\t\t<\/a>\n\t\t\t\t<\/div>\n\t\t\t\t\t\t\t\t<\/div>\n\t\t\t\t<\/div>\n\t\t\t\t<div class=\"elementor-element elementor-element-1bc725b elementor-align-right elementor-widget-mobile__width-inherit elementor-mobile-align-justify elementor-widget elementor-widget-button\" data-id=\"1bc725b\" data-element_type=\"widget\" data-e-type=\"widget\" data-no-translation=\"\" data-widget_type=\"button.default\">\n\t\t\t\t<div class=\"elementor-widget-container\">\n\t\t\t\t\t<style>.elementor-element-1bc725b{display:none !important}<\/style>\t\t\t\t<\/div>\n\t\t\t\t<\/div>\n\t\t\t\t<div class=\"elementor-element elementor-element-3f1b909 elementor-align-right elementor-widget-mobile__width-inherit elementor-mobile-align-justify elementor-widget elementor-widget-button\" data-id=\"3f1b909\" data-element_type=\"widget\" data-e-type=\"widget\" data-no-translation=\"\" data-widget_type=\"button.default\">\n\t\t\t\t<div class=\"elementor-widget-container\">\n\t\t\t\t\t\t\t\t\t<div class=\"elementor-button-wrapper\">\n\t\t\t\t\t<a class=\"elementor-button elementor-button-link elementor-size-sm\" href=\"tel:1-323-315-2678\">\n\t\t\t\t\t\t<span class=\"elementor-button-content-wrapper\">\n\t\t\t\t\t\t\t\t\t<span class=\"elementor-button-text\">Llamar al (323) 315-2678<\/span>\n\t\t\t\t\t<\/span>\n\t\t\t\t\t<\/a>\n\t\t\t\t<\/div>\n\t\t\t\t\t\t\t\t<\/div>\n\t\t\t\t<\/div>\n\t\t\t\t\t<\/div>\n\t\t\t\t<\/div>\n\t\t\t\t\t<\/div>\n\t\t\t\t<\/div>\n\t\t<div class=\"elementor-element elementor-element-a505adf e-flex e-con-boxed e-con e-parent\" data-id=\"a505adf\" data-element_type=\"container\" data-e-type=\"container\" data-settings=\"{&quot;background_background&quot;:&quot;classic&quot;}\">\n\t\t\t\t\t<div class=\"e-con-inner\">\n\t\t<div class=\"elementor-element elementor-element-19cfe7e e-con-full e-flex e-con e-child\" data-id=\"19cfe7e\" data-element_type=\"container\" data-e-type=\"container\">\n\t\t\t\t<div class=\"elementor-element elementor-element-5794332 elementor-widget elementor-widget-heading\" data-id=\"5794332\" data-element_type=\"widget\" data-e-type=\"widget\" data-widget_type=\"heading.default\">\n\t\t\t\t<div class=\"elementor-widget-container\">\n\t\t\t\t\t<h2 class=\"elementor-heading-title elementor-size-default\">Education &amp; Expertise<\/h2>\t\t\t\t<\/div>\n\t\t\t\t<\/div>\n\t\t\t\t<div class=\"elementor-element elementor-element-1526cc0 elementor-widget elementor-widget-text-editor\" data-id=\"1526cc0\" data-element_type=\"widget\" data-e-type=\"widget\" data-widget_type=\"text-editor.default\">\n\t\t\t\t<div class=\"elementor-widget-container\">\n\t\t\t\t\t\t\t\t\t<p><span style=\"font-weight: 400;\">Antoine La es el Director del Laboratorio de Embriolog\u00eda en CARE Fertility, aportando m\u00e1s de 19 a\u00f1os de experiencia en embriolog\u00eda cl\u00ednica. Con una licenciatura en Ciencias Bioqu\u00edmicas de la Universidad de California, Irvine, Antoine es un Director de Laboratorio de Embriolog\u00eda (ELD) certificado por la junta y miembro de la Junta Americana de Bioanalistas, la Sociedad Americana de Medicina Reproductiva y la Sociedad para el Estudio de la Reproducci\u00f3n.<\/span><\/p>\t\t\t\t\t\t\t\t<\/div>\n\t\t\t\t<\/div>\n\t\t\t\t<\/div>\n\t\t<div class=\"elementor-element elementor-element-4899cfe e-con-full e-flex e-con e-child\" data-id=\"4899cfe\" data-element_type=\"container\" data-e-type=\"container\">\n\t\t\t\t<div class=\"elementor-element elementor-element-a62fc1e elementor-widget elementor-widget-image\" data-id=\"a62fc1e\" data-element_type=\"widget\" data-e-type=\"widget\" data-widget_type=\"image.default\">\n\t\t\t\t<div class=\"elementor-widget-container\">\n\t\t\t\t\t\t\t\t\t\t\t\t\t\t\t<img fetchpriority=\"high\" decoding=\"async\" width=\"259\" height=\"259\" src=\"https:\/\/carefertility.net\/wp-content\/uploads\/2024\/11\/antoine-la.png\" class=\"attachment-full size-full wp-image-3135\" alt=\"\" srcset=\"https:\/\/carefertility.net\/wp-content\/uploads\/2024\/11\/antoine-la.png 259w, https:\/\/carefertility.net\/wp-content\/uploads\/2024\/11\/antoine-la-150x150.png 150w, https:\/\/carefertility.net\/wp-content\/uploads\/2024\/11\/antoine-la-12x12.png 12w\" sizes=\"(max-width: 259px) 100vw, 259px\" \/>\t\t\t\t\t\t\t\t\t\t\t\t\t\t\t<\/div>\n\t\t\t\t<\/div>\n\t\t\t\t<\/div>\n\t\t\t\t\t<\/div>\n\t\t\t\t<\/div>\n\t\t<div class=\"elementor-element elementor-element-210e7c7 e-flex e-con-boxed e-con e-parent\" data-id=\"210e7c7\" data-element_type=\"container\" data-e-type=\"container\" data-settings=\"{&quot;background_background&quot;:&quot;gradient&quot;,&quot;shape_divider_top&quot;:&quot;curve&quot;,&quot;shape_divider_top_negative&quot;:&quot;yes&quot;}\">\n\t\t\t\t\t<div class=\"e-con-inner\">\n\t\t\t\t<div class=\"elementor-shape elementor-shape-top\" aria-hidden=\"true\" data-negative=\"true\">\n\t\t\t<svg xmlns=\"http:\/\/www.w3.org\/2000\/svg\" viewbox=\"0 0 1000 100\" preserveaspectratio=\"none\">\n\t<path class=\"elementor-shape-fill\" d=\"M500,97C126.7,96.3,0.8,19.8,0,0v100l1000,0V1C1000,19.4,873.3,97.8,500,97z\"\/>\n<\/svg>\t\t<\/div>\n\t\t\t\t<div class=\"elementor-element elementor-element-232f792 elementor-widget elementor-widget-heading\" data-id=\"232f792\" data-element_type=\"widget\" data-e-type=\"widget\" data-widget_type=\"heading.default\">\n\t\t\t\t<div class=\"elementor-widget-container\">\n\t\t\t\t\t<h2 class=\"elementor-heading-title elementor-size-default\">Innovator in Fertility Science and Lab Excellence<\/h2>\t\t\t\t<\/div>\n\t\t\t\t<\/div>\n\t\t\t\t<div class=\"elementor-element elementor-element-638058c elementor-widget__width-initial elementor-widget-mobile__width-inherit elementor-widget elementor-widget-text-editor\" data-id=\"638058c\" data-element_type=\"widget\" data-e-type=\"widget\" data-widget_type=\"text-editor.default\">\n\t\t\t\t<div class=\"elementor-widget-container\">\n\t\t\t\t\t\t\t\t\t<p><span style=\"font-weight: 400;\">Renowned for his innovative contributions to fertility science, Antoine specializes in advanced reproductive technologies, including IVF, ICSI, embryo freezing and thawing, assisted hatching, and pre-implantation genetic testing. He has pioneered the development of culture mediums for successfully freezing and thawing human oocytes, contributing to 16 abstracts and publications on egg freezing.<\/span><\/p><p><span style=\"font-weight: 400;\">Antoine has established and managed successful IVF laboratories across the United States, Mexico, and Brazil, excelling in laboratory design, management, and quality improvement programs. He is a recognized leader in blastocyst culture research and single embryo transfer techniques. His primary focus is optimizing laboratory systems and consulting with professionals to improve outcomes for patients facing infertility.<\/span><\/p>\t\t\t\t\t\t\t\t<\/div>\n\t\t\t\t<\/div>\n\t\t<div class=\"elementor-element elementor-element-9e86b1c e-con-full e-flex e-con e-child\" data-id=\"9e86b1c\" data-element_type=\"container\" data-e-type=\"container\" data-settings=\"{&quot;background_background&quot;:&quot;classic&quot;}\">\n\t\t<div class=\"elementor-element elementor-element-dc4c3f9 e-con-full e-flex e-con e-child\" data-id=\"dc4c3f9\" data-element_type=\"container\" data-e-type=\"container\">\n\t\t\t\t<div class=\"elementor-element elementor-element-73e3c66 elementor-widget elementor-widget-image\" data-id=\"73e3c66\" data-element_type=\"widget\" data-e-type=\"widget\" data-widget_type=\"image.default\">\n\t\t\t\t<div class=\"elementor-widget-container\">\n\t\t\t\t\t\t\t\t\t\t\t\t\t\t\t<img decoding=\"async\" width=\"669\" height=\"669\" src=\"https:\/\/carefertility.net\/wp-content\/uploads\/2024\/11\/openart-2381faae-8263-49b9-baa1-22e264b52dd6.png\" class=\"attachment-full size-full wp-image-3115\" alt=\"\" srcset=\"https:\/\/carefertility.net\/wp-content\/uploads\/2024\/11\/openart-2381faae-8263-49b9-baa1-22e264b52dd6.png 669w, https:\/\/carefertility.net\/wp-content\/uploads\/2024\/11\/openart-2381faae-8263-49b9-baa1-22e264b52dd6-300x300.png 300w, https:\/\/carefertility.net\/wp-content\/uploads\/2024\/11\/openart-2381faae-8263-49b9-baa1-22e264b52dd6-150x150.png 150w, https:\/\/carefertility.net\/wp-content\/uploads\/2024\/11\/openart-2381faae-8263-49b9-baa1-22e264b52dd6-12x12.png 12w\" sizes=\"(max-width: 669px) 100vw, 669px\" \/>\t\t\t\t\t\t\t\t\t\t\t\t\t\t\t<\/div>\n\t\t\t\t<\/div>\n\t\t\t\t<\/div>\n\t\t<div class=\"elementor-element elementor-element-f2b85cb e-con-full e-flex e-con e-child\" data-id=\"f2b85cb\" data-element_type=\"container\" data-e-type=\"container\">\n\t\t\t\t<div class=\"elementor-element elementor-element-b801187 elementor-widget elementor-widget-heading\" data-id=\"b801187\" data-element_type=\"widget\" data-e-type=\"widget\" data-widget_type=\"heading.default\">\n\t\t\t\t<div class=\"elementor-widget-container\">\n\t\t\t\t\t<h2 class=\"elementor-heading-title elementor-size-default\">M\u00e1s all\u00e1 de la medicina<\/h2>\t\t\t\t<\/div>\n\t\t\t\t<\/div>\n\t\t\t\t<div class=\"elementor-element elementor-element-3679878 elementor-widget elementor-widget-text-editor\" data-id=\"3679878\" data-element_type=\"widget\" data-e-type=\"widget\" data-widget_type=\"text-editor.default\">\n\t\t\t\t<div class=\"elementor-widget-container\">\n\t\t\t\t\t\t\t\t\t<p><span style=\"font-weight: 400;\">Specialties include micromanipulation techniques (ICSI, TESE, PESA), embryo biopsy, gamete and embryo cryopreservation, and reproductive endocrinology. Antoine is committed to advancing fertility treatments and supporting both patients and professionals in achieving their goals.<\/span><\/p>\t\t\t\t\t\t\t\t<\/div>\n\t\t\t\t<\/div>\n\t\t\t\t<div class=\"elementor-element elementor-element-87a7e66 elementor-align-left elementor-widget__width-inherit elementor-widget-mobile__width-inherit elementor-mobile-align-center elementor-widget elementor-widget-button\" data-id=\"87a7e66\" data-element_type=\"widget\" data-e-type=\"widget\" data-widget_type=\"button.default\">\n\t\t\t\t<div class=\"elementor-widget-container\">\n\t\t\t\t\t\t\t\t\t<div class=\"elementor-button-wrapper\">\n\t\t\t\t\t<a class=\"elementor-button elementor-button-link elementor-size-sm\" href=\"\/es\/contacto\/\">\n\t\t\t\t\t\t<span class=\"elementor-button-content-wrapper\">\n\t\t\t\t\t\t\t\t\t<span class=\"elementor-button-text\">Solicita tu consulta gratuita<\/span>\n\t\t\t\t\t<\/span>\n\t\t\t\t\t<\/a>\n\t\t\t\t<\/div>\n\t\t\t\t\t\t\t\t<\/div>\n\t\t\t\t<\/div>\n\t\t\t\t<\/div>\n\t\t\t\t<\/div>\n\t\t\t\t\t<\/div>\n\t\t\t\t<\/div>\n\t\t\t\t<\/div>","protected":false},"excerpt":{"rendered":"<p>Antoine La Embryology Laboratory Director Schedule a Free Consultation Call Us At (323) 230-7311 Education &#038; Expertise Antoine La is the Embryology Laboratory Director at CARE Fertility, bringing over 19 years of expertise in clinical embryology. With a Bachelor of Science degree in Biochemistry from the University of California, Irvine, Antoine is a board-certified Embryology [&hellip;]<\/p>\n","protected":false},"author":2,"featured_media":0,"parent":0,"menu_order":0,"comment_status":"closed","ping_status":"closed","template":"elementor_header_footer","meta":{"_acf_changed":false,"footnotes":""},"class_list":["post-4840","page","type-page","status-publish","hentry"],"acf":[],"yoast_head":"<!-- This site is optimized with the Yoast SEO plugin v27.5 - https:\/\/yoast.com\/product\/yoast-seo-wordpress\/ -->\n<title>Antoine La - Care Fertility<\/title>\n<meta name=\"robots\" content=\"index, follow, max-snippet:-1, max-image-preview:large, max-video-preview:-1\" \/>\n<link rel=\"canonical\" href=\"https:\/\/carefertility.net\/es\/antoine-la\/\" \/>\n<meta property=\"og:locale\" content=\"es_ES\" \/>\n<meta property=\"og:type\" content=\"article\" \/>\n<meta property=\"og:title\" content=\"Antoine La - Care Fertility\" \/>\n<meta property=\"og:description\" content=\"Antoine La Embryology Laboratory Director Schedule a Free Consultation Call Us At (323) 230-7311 Education &#038; Expertise Antoine La is the Embryology Laboratory Director at CARE Fertility, bringing over 19 years of expertise in clinical embryology. With a Bachelor of Science degree in Biochemistry from the University of California, Irvine, Antoine is a board-certified Embryology [&hellip;]\" \/>\n<meta property=\"og:url\" content=\"https:\/\/carefertility.net\/es\/antoine-la\/\" \/>\n<meta property=\"og:site_name\" content=\"Care Fertility\" \/>\n<meta property=\"article:modified_time\" content=\"2025-05-26T20:24:37+00:00\" \/>\n<meta property=\"og:image\" content=\"https:\/\/carefertility.net\/wp-content\/uploads\/2024\/11\/antoine-la.png\" \/>\n\t<meta property=\"og:image:width\" content=\"259\" \/>\n\t<meta property=\"og:image:height\" content=\"259\" \/>\n\t<meta property=\"og:image:type\" content=\"image\/png\" \/>\n<meta name=\"twitter:card\" content=\"summary_large_image\" \/>\n<meta name=\"twitter:label1\" content=\"Tiempo de lectura\" \/>\n\t<meta name=\"twitter:data1\" content=\"2 minutos\" \/>\n<script type=\"application\/ld+json\" class=\"yoast-schema-graph\">{\"@context\":\"https:\\\/\\\/schema.org\",\"@graph\":[{\"@type\":\"WebPage\",\"@id\":\"https:\\\/\\\/carefertility.net\\\/antoine-la\\\/\",\"url\":\"https:\\\/\\\/carefertility.net\\\/antoine-la\\\/\",\"name\":\"Antoine La - Care Fertility\",\"isPartOf\":{\"@id\":\"https:\\\/\\\/carefertility.net\\\/#website\"},\"primaryImageOfPage\":{\"@id\":\"https:\\\/\\\/carefertility.net\\\/antoine-la\\\/#primaryimage\"},\"image\":{\"@id\":\"https:\\\/\\\/carefertility.net\\\/antoine-la\\\/#primaryimage\"},\"thumbnailUrl\":\"https:\\\/\\\/carefertility.net\\\/wp-content\\\/uploads\\\/2024\\\/11\\\/antoine-la.png\",\"datePublished\":\"2025-05-21T14:13:13+00:00\",\"dateModified\":\"2025-05-26T20:24:37+00:00\",\"breadcrumb\":{\"@id\":\"https:\\\/\\\/carefertility.net\\\/antoine-la\\\/#breadcrumb\"},\"inLanguage\":\"es\",\"potentialAction\":[{\"@type\":\"ReadAction\",\"target\":[\"https:\\\/\\\/carefertility.net\\\/antoine-la\\\/\"]}]},{\"@type\":\"ImageObject\",\"inLanguage\":\"es\",\"@id\":\"https:\\\/\\\/carefertility.net\\\/antoine-la\\\/#primaryimage\",\"url\":\"https:\\\/\\\/carefertility.net\\\/wp-content\\\/uploads\\\/2024\\\/11\\\/antoine-la.png\",\"contentUrl\":\"https:\\\/\\\/carefertility.net\\\/wp-content\\\/uploads\\\/2024\\\/11\\\/antoine-la.png\"},{\"@type\":\"BreadcrumbList\",\"@id\":\"https:\\\/\\\/carefertility.net\\\/antoine-la\\\/#breadcrumb\",\"itemListElement\":[{\"@type\":\"ListItem\",\"position\":1,\"name\":\"Home\",\"item\":\"https:\\\/\\\/carefertility.net\\\/\"},{\"@type\":\"ListItem\",\"position\":2,\"name\":\"Antoine La\"}]},{\"@type\":\"WebSite\",\"@id\":\"https:\\\/\\\/carefertility.net\\\/#website\",\"url\":\"https:\\\/\\\/carefertility.net\\\/\",\"name\":\"Care Fertility\",\"description\":\"\",\"publisher\":{\"@id\":\"https:\\\/\\\/carefertility.net\\\/#organization\"},\"potentialAction\":[{\"@type\":\"SearchAction\",\"target\":{\"@type\":\"EntryPoint\",\"urlTemplate\":\"https:\\\/\\\/carefertility.net\\\/?s={search_term_string}\"},\"query-input\":{\"@type\":\"PropertyValueSpecification\",\"valueRequired\":true,\"valueName\":\"search_term_string\"}}],\"inLanguage\":\"es\"},{\"@type\":\"Organization\",\"@id\":\"https:\\\/\\\/carefertility.net\\\/#organization\",\"name\":\"Care Fertility\",\"url\":\"https:\\\/\\\/carefertility.net\\\/\",\"logo\":{\"@type\":\"ImageObject\",\"inLanguage\":\"es\",\"@id\":\"https:\\\/\\\/carefertility.net\\\/#\\\/schema\\\/logo\\\/image\\\/\",\"url\":\"https:\\\/\\\/carefertility.net\\\/wp-content\\\/uploads\\\/2024\\\/03\\\/marca-care-fertility.png\",\"contentUrl\":\"https:\\\/\\\/carefertility.net\\\/wp-content\\\/uploads\\\/2024\\\/03\\\/marca-care-fertility.png\",\"width\":191,\"height\":64,\"caption\":\"Care Fertility\"},\"image\":{\"@id\":\"https:\\\/\\\/carefertility.net\\\/#\\\/schema\\\/logo\\\/image\\\/\"}}]}<\/script>\n<!-- \/ Yoast SEO plugin. -->","yoast_head_json":{"title":"Antoine La - Care Fertility","robots":{"index":"index","follow":"follow","max-snippet":"max-snippet:-1","max-image-preview":"max-image-preview:large","max-video-preview":"max-video-preview:-1"},"canonical":"https:\/\/carefertility.net\/es\/antoine-la\/","og_locale":"es_ES","og_type":"article","og_title":"Antoine La - Care Fertility","og_description":"Antoine La Embryology Laboratory Director Schedule a Free Consultation Call Us At (323) 230-7311 Education &#038; Expertise Antoine La is the Embryology Laboratory Director at CARE Fertility, bringing over 19 years of expertise in clinical embryology. With a Bachelor of Science degree in Biochemistry from the University of California, Irvine, Antoine is a board-certified Embryology [&hellip;]","og_url":"https:\/\/carefertility.net\/es\/antoine-la\/","og_site_name":"Care Fertility","article_modified_time":"2025-05-26T20:24:37+00:00","og_image":[{"width":259,"height":259,"url":"https:\/\/carefertility.net\/wp-content\/uploads\/2024\/11\/antoine-la.png","type":"image\/png"}],"twitter_card":"summary_large_image","twitter_misc":{"Tiempo de lectura":"2 minutos"},"schema":{"@context":"https:\/\/schema.org","@graph":[{"@type":"WebPage","@id":"https:\/\/carefertility.net\/antoine-la\/","url":"https:\/\/carefertility.net\/antoine-la\/","name":"Antoine La - Care Fertility","isPartOf":{"@id":"https:\/\/carefertility.net\/#website"},"primaryImageOfPage":{"@id":"https:\/\/carefertility.net\/antoine-la\/#primaryimage"},"image":{"@id":"https:\/\/carefertility.net\/antoine-la\/#primaryimage"},"thumbnailUrl":"https:\/\/carefertility.net\/wp-content\/uploads\/2024\/11\/antoine-la.png","datePublished":"2025-05-21T14:13:13+00:00","dateModified":"2025-05-26T20:24:37+00:00","breadcrumb":{"@id":"https:\/\/carefertility.net\/antoine-la\/#breadcrumb"},"inLanguage":"es","potentialAction":[{"@type":"ReadAction","target":["https:\/\/carefertility.net\/antoine-la\/"]}]},{"@type":"ImageObject","inLanguage":"es","@id":"https:\/\/carefertility.net\/antoine-la\/#primaryimage","url":"https:\/\/carefertility.net\/wp-content\/uploads\/2024\/11\/antoine-la.png","contentUrl":"https:\/\/carefertility.net\/wp-content\/uploads\/2024\/11\/antoine-la.png"},{"@type":"BreadcrumbList","@id":"https:\/\/carefertility.net\/antoine-la\/#breadcrumb","itemListElement":[{"@type":"ListItem","position":1,"name":"Home","item":"https:\/\/carefertility.net\/"},{"@type":"ListItem","position":2,"name":"Antoine La"}]},{"@type":"WebSite","@id":"https:\/\/carefertility.net\/#website","url":"https:\/\/carefertility.net\/","name":"Care Fertility","description":"","publisher":{"@id":"https:\/\/carefertility.net\/#organization"},"potentialAction":[{"@type":"SearchAction","target":{"@type":"EntryPoint","urlTemplate":"https:\/\/carefertility.net\/?s={search_term_string}"},"query-input":{"@type":"PropertyValueSpecification","valueRequired":true,"valueName":"search_term_string"}}],"inLanguage":"es"},{"@type":"Organization","@id":"https:\/\/carefertility.net\/#organization","name":"Care Fertility","url":"https:\/\/carefertility.net\/","logo":{"@type":"ImageObject","inLanguage":"es","@id":"https:\/\/carefertility.net\/#\/schema\/logo\/image\/","url":"https:\/\/carefertility.net\/wp-content\/uploads\/2024\/03\/marca-care-fertility.png","contentUrl":"https:\/\/carefertility.net\/wp-content\/uploads\/2024\/03\/marca-care-fertility.png","width":191,"height":64,"caption":"Care Fertility"},"image":{"@id":"https:\/\/carefertility.net\/#\/schema\/logo\/image\/"}}]}},"_links":{"self":[{"href":"https:\/\/carefertility.net\/es\/wp-json\/wp\/v2\/pages\/4840","targetHints":{"allow":["GET"]}}],"collection":[{"href":"https:\/\/carefertility.net\/es\/wp-json\/wp\/v2\/pages"}],"about":[{"href":"https:\/\/carefertility.net\/es\/wp-json\/wp\/v2\/types\/page"}],"author":[{"embeddable":true,"href":"https:\/\/carefertility.net\/es\/wp-json\/wp\/v2\/users\/2"}],"replies":[{"embeddable":true,"href":"https:\/\/carefertility.net\/es\/wp-json\/wp\/v2\/comments?post=4840"}],"version-history":[{"count":12,"href":"https:\/\/carefertility.net\/es\/wp-json\/wp\/v2\/pages\/4840\/revisions"}],"predecessor-version":[{"id":4911,"href":"https:\/\/carefertility.net\/es\/wp-json\/wp\/v2\/pages\/4840\/revisions\/4911"}],"wp:attachment":[{"href":"https:\/\/carefertility.net\/es\/wp-json\/wp\/v2\/media?parent=4840"}],"curies":[{"name":"wp","href":"https:\/\/api.w.org\/{rel}","templated":true}]}}