{"id":3930,"date":"2025-04-19T18:16:44","date_gmt":"2025-04-19T18:16:44","guid":{"rendered":"https:\/\/carefertility.net\/?page_id=3930"},"modified":"2025-05-26T20:25:20","modified_gmt":"2025-05-26T20:25:20","slug":"dr-rudy-quintero","status":"publish","type":"page","link":"https:\/\/carefertility.net\/es\/dr-rudy-quintero\/","title":{"rendered":"Rudy Quintero, MD"},"content":{"rendered":"<div data-elementor-type=\"wp-page\" data-elementor-id=\"3930\" class=\"elementor elementor-3930\" data-elementor-post-type=\"page\">\n\t\t\t\t<div class=\"elementor-element elementor-element-c493007 e-flex e-con-boxed e-con e-parent\" data-id=\"c493007\" data-element_type=\"container\" data-e-type=\"container\" data-settings=\"{&quot;background_background&quot;:&quot;classic&quot;}\">\n\t\t\t\t\t<div class=\"e-con-inner\">\n\t\t\t\t<div class=\"elementor-element elementor-element-9ebd32c elementor-widget elementor-widget-heading\" data-id=\"9ebd32c\" data-element_type=\"widget\" data-e-type=\"widget\" data-widget_type=\"heading.default\">\n\t\t\t\t<div class=\"elementor-widget-container\">\n\t\t\t\t\t<h2 class=\"elementor-heading-title elementor-size-default\">Dr. Rudy Quintero, M.D., F.A.C.O.G.<\/h2>\t\t\t\t<\/div>\n\t\t\t\t<\/div>\n\t\t\t\t<div class=\"elementor-element elementor-element-1a61ac1 elementor-widget__width-initial elementor-widget-mobile__width-inherit elementor-widget elementor-widget-heading\" data-id=\"1a61ac1\" data-element_type=\"widget\" data-e-type=\"widget\" data-widget_type=\"heading.default\">\n\t\t\t\t<div class=\"elementor-widget-container\">\n\t\t\t\t\t<h2 class=\"elementor-heading-title elementor-size-default\">Founder &amp; Medical Director \u2028of CARE Fertility<\/h2>\t\t\t\t<\/div>\n\t\t\t\t<\/div>\n\t\t\t\t<div class=\"elementor-element elementor-element-b247fdb elementor-widget__width-inherit elementor-widget elementor-widget-text-editor\" data-id=\"b247fdb\" data-element_type=\"widget\" data-e-type=\"widget\" data-widget_type=\"text-editor.default\">\n\t\t\t\t<div class=\"elementor-widget-container\">\n\t\t\t\t\t\t\t\t\t<p>El Dr. Rudy Quintero es un l\u00edder y experto en medicina reproductiva, dedicado a ayudar a las familias a alcanzar su sue\u00f1o de tener beb\u00e9s. Con m\u00e1s de 18 a\u00f1os de experiencia en tratamientos de fertilidad, combina la ciencia de vanguardia con una atenci\u00f3n compasiva para ofrecer soluciones personalizadas a cada paciente.<\/p>\t\t\t\t\t\t\t\t<\/div>\n\t\t\t\t<\/div>\n\t\t<div class=\"elementor-element elementor-element-9c41849 e-flex e-con-boxed e-con e-child\" data-id=\"9c41849\" data-element_type=\"container\" data-e-type=\"container\">\n\t\t\t\t\t<div class=\"e-con-inner\">\n\t\t\t\t<div class=\"elementor-element elementor-element-5aa3d19 elementor-align-center elementor-widget-mobile__width-inherit elementor-mobile-align-justify elementor-widget elementor-widget-button\" data-id=\"5aa3d19\" data-element_type=\"widget\" data-e-type=\"widget\" data-widget_type=\"button.default\">\n\t\t\t\t<div class=\"elementor-widget-container\">\n\t\t\t\t\t\t\t\t\t<div class=\"elementor-button-wrapper\">\n\t\t\t\t\t<a class=\"elementor-button elementor-button-link elementor-size-sm\" href=\"\/es\/contacto\/\">\n\t\t\t\t\t\t<span class=\"elementor-button-content-wrapper\">\n\t\t\t\t\t\t\t\t\t<span class=\"elementor-button-text\">Solicita tu consulta gratuita<\/span>\n\t\t\t\t\t<\/span>\n\t\t\t\t\t<\/a>\n\t\t\t\t<\/div>\n\t\t\t\t\t\t\t\t<\/div>\n\t\t\t\t<\/div>\n\t\t\t\t<div class=\"elementor-element elementor-element-1bc725b elementor-align-right elementor-widget-mobile__width-inherit elementor-mobile-align-justify elementor-widget elementor-widget-button\" data-id=\"1bc725b\" data-element_type=\"widget\" data-e-type=\"widget\" data-no-translation=\"\" data-widget_type=\"button.default\">\n\t\t\t\t<div class=\"elementor-widget-container\">\n\t\t\t\t\t<style>.elementor-element-1bc725b{display:none !important}<\/style>\t\t\t\t<\/div>\n\t\t\t\t<\/div>\n\t\t\t\t<div class=\"elementor-element elementor-element-3f1b909 elementor-align-right elementor-widget-mobile__width-inherit elementor-mobile-align-justify elementor-widget elementor-widget-button\" data-id=\"3f1b909\" data-element_type=\"widget\" data-e-type=\"widget\" data-no-translation=\"\" data-widget_type=\"button.default\">\n\t\t\t\t<div class=\"elementor-widget-container\">\n\t\t\t\t\t\t\t\t\t<div class=\"elementor-button-wrapper\">\n\t\t\t\t\t<a class=\"elementor-button elementor-button-link elementor-size-sm\" href=\"tel:1-323-315-2678\">\n\t\t\t\t\t\t<span class=\"elementor-button-content-wrapper\">\n\t\t\t\t\t\t\t\t\t<span class=\"elementor-button-text\">Llamar al (323) 315-2678<\/span>\n\t\t\t\t\t<\/span>\n\t\t\t\t\t<\/a>\n\t\t\t\t<\/div>\n\t\t\t\t\t\t\t\t<\/div>\n\t\t\t\t<\/div>\n\t\t\t\t\t<\/div>\n\t\t\t\t<\/div>\n\t\t\t\t\t<\/div>\n\t\t\t\t<\/div>\n\t\t<div class=\"elementor-element elementor-element-a505adf e-flex e-con-boxed e-con e-parent\" data-id=\"a505adf\" data-element_type=\"container\" data-e-type=\"container\" data-settings=\"{&quot;background_background&quot;:&quot;classic&quot;}\">\n\t\t\t\t\t<div class=\"e-con-inner\">\n\t\t<div class=\"elementor-element elementor-element-19cfe7e e-con-full e-flex e-con e-child\" data-id=\"19cfe7e\" data-element_type=\"container\" data-e-type=\"container\">\n\t\t\t\t<div class=\"elementor-element elementor-element-5794332 elementor-widget elementor-widget-heading\" data-id=\"5794332\" data-element_type=\"widget\" data-e-type=\"widget\" data-widget_type=\"heading.default\">\n\t\t\t\t<div class=\"elementor-widget-container\">\n\t\t\t\t\t<h2 class=\"elementor-heading-title elementor-size-default\">Education &amp; Expertise<\/h2>\t\t\t\t<\/div>\n\t\t\t\t<\/div>\n\t\t\t\t<div class=\"elementor-element elementor-element-1526cc0 elementor-widget elementor-widget-text-editor\" data-id=\"1526cc0\" data-element_type=\"widget\" data-e-type=\"widget\" data-widget_type=\"text-editor.default\">\n\t\t\t\t<div class=\"elementor-widget-container\">\n\t\t\t\t\t\t\t\t\t<p>El Dr. Quintero obtuvo su t\u00edtulo de m\u00e9dico en la Escuela de Medicina de UCLA y complet\u00f3 su residencia en Obstetricia y Ginecolog\u00eda en el Glendale Adventist Medical Center. Posteriormente, se especializ\u00f3 en Endocrinolog\u00eda Reproductiva e Infertilidad en el Centro M\u00e9dico de la Universidad de Stanford.<\/p><p>Como m\u00e9dico con doble certificaci\u00f3n en Obstetricia y Ginecolog\u00eda, y en Endocrinolog\u00eda Reproductiva e Infertilidad, el Dr. Quintero ha ayudado a innumerables familias navegar sus jornadas de fertilidad con orientaci\u00f3n experta y tratamientos innovadores.<\/p><p>Tambi\u00e9n le apasiona la educaci\u00f3n, y capacita a residentes de Obstetricia y Ginecolog\u00eda en el White Memorial Medical Center, as\u00ed como a residentes de Medicina Familiar en el Glendale Adventist Medical Center.<\/p>\t\t\t\t\t\t\t\t<\/div>\n\t\t\t\t<\/div>\n\t\t\t\t<\/div>\n\t\t<div class=\"elementor-element elementor-element-4899cfe e-con-full e-flex e-con e-child\" data-id=\"4899cfe\" data-element_type=\"container\" data-e-type=\"container\">\n\t\t\t\t<div class=\"elementor-element elementor-element-a62fc1e elementor-widget elementor-widget-image\" data-id=\"a62fc1e\" data-element_type=\"widget\" data-e-type=\"widget\" data-widget_type=\"image.default\">\n\t\t\t\t<div class=\"elementor-widget-container\">\n\t\t\t\t\t\t\t\t\t\t\t\t\t\t\t<img fetchpriority=\"high\" decoding=\"async\" width=\"500\" height=\"464\" src=\"https:\/\/carefertility.net\/wp-content\/uploads\/2025\/04\/quintero-1-1-1.jpg\" class=\"attachment-full size-full wp-image-3937\" alt=\"\" srcset=\"https:\/\/carefertility.net\/wp-content\/uploads\/2025\/04\/quintero-1-1-1.jpg 500w, https:\/\/carefertility.net\/wp-content\/uploads\/2025\/04\/quintero-1-1-1-300x278.jpg 300w, https:\/\/carefertility.net\/wp-content\/uploads\/2025\/04\/quintero-1-1-1-13x12.jpg 13w\" sizes=\"(max-width: 500px) 100vw, 500px\" \/>\t\t\t\t\t\t\t\t\t\t\t\t\t\t\t<\/div>\n\t\t\t\t<\/div>\n\t\t\t\t<\/div>\n\t\t\t\t\t<\/div>\n\t\t\t\t<\/div>\n\t\t<div class=\"elementor-element elementor-element-210e7c7 e-flex e-con-boxed e-con e-parent\" data-id=\"210e7c7\" data-element_type=\"container\" data-e-type=\"container\" data-settings=\"{&quot;background_background&quot;:&quot;gradient&quot;,&quot;shape_divider_top&quot;:&quot;curve&quot;,&quot;shape_divider_top_negative&quot;:&quot;yes&quot;}\">\n\t\t\t\t\t<div class=\"e-con-inner\">\n\t\t\t\t<div class=\"elementor-shape elementor-shape-top\" aria-hidden=\"true\" data-negative=\"true\">\n\t\t\t<svg xmlns=\"http:\/\/www.w3.org\/2000\/svg\" viewbox=\"0 0 1000 100\" preserveaspectratio=\"none\">\n\t<path class=\"elementor-shape-fill\" d=\"M500,97C126.7,96.3,0.8,19.8,0,0v100l1000,0V1C1000,19.4,873.3,97.8,500,97z\"\/>\n<\/svg>\t\t<\/div>\n\t\t\t\t<div class=\"elementor-element elementor-element-232f792 elementor-widget elementor-widget-heading\" data-id=\"232f792\" data-element_type=\"widget\" data-e-type=\"widget\" data-widget_type=\"heading.default\">\n\t\t\t\t<div class=\"elementor-widget-container\">\n\t\t\t\t\t<h2 class=\"elementor-heading-title elementor-size-default\">Un doctor de confianza que aboga por sus pacientes<\/h2>\t\t\t\t<\/div>\n\t\t\t\t<\/div>\n\t\t\t\t<div class=\"elementor-element elementor-element-638058c elementor-widget__width-initial elementor-widget-mobile__width-inherit elementor-widget elementor-widget-text-editor\" data-id=\"638058c\" data-element_type=\"widget\" data-e-type=\"widget\" data-widget_type=\"text-editor.default\">\n\t\t\t\t<div class=\"elementor-widget-container\">\n\t\t\t\t\t\t\t\t\t<p>El Dr. Quintero cree en enpoderar a sus pacientes a trav\u00e9s de la educaci\u00f3n. Ha respondido personalmente a m\u00e1s de 20,000 preguntas relacionadas con la fertilidad en los foros de FertilityTies, brindando orientaci\u00f3n a individuos y parejas que buscan concebir. Habla con fluidez ingl\u00e9s y espa\u00f1ol, y actualmente est\u00e1 aprendiendo mandar\u00edn, lo que le permite asegurar que pacientes de diversos or\u00edgenes reciban una comunicaci\u00f3n clara y compasiva durante todo su tratamiento.\u00a0<\/p><p>Su conocimiento ha sido destacado en Univision, Telemundo y ABC News, donde comparte conocimientos sobre fertilidad y salud reproductiva.<\/p>\t\t\t\t\t\t\t\t<\/div>\n\t\t\t\t<\/div>\n\t\t<div class=\"elementor-element elementor-element-9e86b1c e-con-full e-flex e-con e-child\" data-id=\"9e86b1c\" data-element_type=\"container\" data-e-type=\"container\" data-settings=\"{&quot;background_background&quot;:&quot;classic&quot;}\">\n\t\t<div class=\"elementor-element elementor-element-dc4c3f9 e-con-full e-flex e-con e-child\" data-id=\"dc4c3f9\" data-element_type=\"container\" data-e-type=\"container\">\n\t\t\t\t<div class=\"elementor-element elementor-element-73e3c66 elementor-widget elementor-widget-image\" data-id=\"73e3c66\" data-element_type=\"widget\" data-e-type=\"widget\" data-widget_type=\"image.default\">\n\t\t\t\t<div class=\"elementor-widget-container\">\n\t\t\t\t\t\t\t\t\t\t\t\t\t\t\t<img decoding=\"async\" width=\"500\" height=\"388\" src=\"https:\/\/carefertility.net\/wp-content\/uploads\/2025\/04\/md-quintero4.jpg\" class=\"attachment-full size-full wp-image-3919\" alt=\"\" srcset=\"https:\/\/carefertility.net\/wp-content\/uploads\/2025\/04\/md-quintero4.jpg 500w, https:\/\/carefertility.net\/wp-content\/uploads\/2025\/04\/md-quintero4-300x233.jpg 300w, https:\/\/carefertility.net\/wp-content\/uploads\/2025\/04\/md-quintero4-15x12.jpg 15w\" sizes=\"(max-width: 500px) 100vw, 500px\" \/>\t\t\t\t\t\t\t\t\t\t\t\t\t\t\t<\/div>\n\t\t\t\t<\/div>\n\t\t\t\t<\/div>\n\t\t<div class=\"elementor-element elementor-element-f2b85cb e-con-full e-flex e-con e-child\" data-id=\"f2b85cb\" data-element_type=\"container\" data-e-type=\"container\">\n\t\t\t\t<div class=\"elementor-element elementor-element-b801187 elementor-widget elementor-widget-heading\" data-id=\"b801187\" data-element_type=\"widget\" data-e-type=\"widget\" data-widget_type=\"heading.default\">\n\t\t\t\t<div class=\"elementor-widget-container\">\n\t\t\t\t\t<h2 class=\"elementor-heading-title elementor-size-default\">M\u00e1s all\u00e1 de la medicina<\/h2>\t\t\t\t<\/div>\n\t\t\t\t<\/div>\n\t\t\t\t<div class=\"elementor-element elementor-element-3679878 elementor-widget elementor-widget-text-editor\" data-id=\"3679878\" data-element_type=\"widget\" data-e-type=\"widget\" data-widget_type=\"text-editor.default\">\n\t\t\t\t<div class=\"elementor-widget-container\">\n\t\t\t\t\t\t\t\t\t<p>El Dr. Quintero es un atleta dedicado, reconocido como Ironman All World Athlete y clasificado para el Marat\u00f3n de Boston.<\/p><p>\u00a0<\/p><p>Su disciplina y compromiso con la excelencia se extienden desde las pistas de competici\u00f3n hasta la atenci\u00f3n que brinda a sus pacientes.<\/p>\t\t\t\t\t\t\t\t<\/div>\n\t\t\t\t<\/div>\n\t\t\t\t<div class=\"elementor-element elementor-element-87a7e66 elementor-align-left elementor-widget__width-inherit elementor-widget-mobile__width-inherit elementor-mobile-align-center elementor-widget elementor-widget-button\" data-id=\"87a7e66\" data-element_type=\"widget\" data-e-type=\"widget\" data-widget_type=\"button.default\">\n\t\t\t\t<div class=\"elementor-widget-container\">\n\t\t\t\t\t\t\t\t\t<div class=\"elementor-button-wrapper\">\n\t\t\t\t\t<a class=\"elementor-button elementor-button-link elementor-size-sm\" href=\"\/es\/contacto\/\">\n\t\t\t\t\t\t<span class=\"elementor-button-content-wrapper\">\n\t\t\t\t\t\t\t\t\t<span class=\"elementor-button-text\">Solicita tu consulta gratuita<\/span>\n\t\t\t\t\t<\/span>\n\t\t\t\t\t<\/a>\n\t\t\t\t<\/div>\n\t\t\t\t\t\t\t\t<\/div>\n\t\t\t\t<\/div>\n\t\t\t\t<\/div>\n\t\t\t\t<\/div>\n\t\t\t\t\t<\/div>\n\t\t\t\t<\/div>\n\t\t\t\t<\/div>","protected":false},"excerpt":{"rendered":"<p>Dr. Rudy Quintero, M.D., F.A.C.O.G. Founder &#038; Medical Director \u2028of CARE Fertility Dr. Rudy Quintero is a leading expert in reproductive medicine, dedicated to helping families achieve their dreams of parenthood. 18+ years of experience in fertility treatments, he combines cutting-edge science with compassionate care to provide personalized solutions for every patient. Schedule a Free [&hellip;]<\/p>\n","protected":false},"author":3,"featured_media":0,"parent":0,"menu_order":0,"comment_status":"closed","ping_status":"closed","template":"elementor_header_footer","meta":{"_acf_changed":false,"footnotes":""},"class_list":["post-3930","page","type-page","status-publish","hentry"],"acf":[],"yoast_head":"<!-- This site is optimized with the Yoast SEO plugin v27.6 - https:\/\/yoast.com\/product\/yoast-seo-wordpress\/ -->\n<title>Rudy Quintero, MD - Care Fertility<\/title>\n<meta name=\"robots\" content=\"index, follow, max-snippet:-1, max-image-preview:large, max-video-preview:-1\" \/>\n<link rel=\"canonical\" href=\"https:\/\/carefertility.net\/es\/dr-rudy-quintero\/\" \/>\n<meta property=\"og:locale\" content=\"es_ES\" \/>\n<meta property=\"og:type\" content=\"article\" \/>\n<meta property=\"og:title\" content=\"Rudy Quintero, MD - Care Fertility\" \/>\n<meta property=\"og:description\" content=\"Dr. Rudy Quintero, M.D., F.A.C.O.G. Founder &#038; Medical Director \u2028of CARE Fertility Dr. Rudy Quintero is a leading expert in reproductive medicine, dedicated to helping families achieve their dreams of parenthood. 18+ years of experience in fertility treatments, he combines cutting-edge science with compassionate care to provide personalized solutions for every patient. Schedule a Free [&hellip;]\" \/>\n<meta property=\"og:url\" content=\"https:\/\/carefertility.net\/es\/dr-rudy-quintero\/\" \/>\n<meta property=\"og:site_name\" content=\"Care Fertility\" \/>\n<meta property=\"article:modified_time\" content=\"2025-05-26T20:25:20+00:00\" \/>\n<meta property=\"og:image\" content=\"https:\/\/carefertility.net\/wp-content\/uploads\/2025\/04\/quintero-1-1-1.jpg\" \/>\n\t<meta property=\"og:image:width\" content=\"500\" \/>\n\t<meta property=\"og:image:height\" content=\"464\" \/>\n\t<meta property=\"og:image:type\" content=\"image\/jpeg\" \/>\n<meta name=\"twitter:card\" content=\"summary_large_image\" \/>\n<meta name=\"twitter:label1\" content=\"Tiempo de lectura\" \/>\n\t<meta name=\"twitter:data1\" content=\"2 minutos\" \/>\n<script type=\"application\/ld+json\" class=\"yoast-schema-graph\">{\"@context\":\"https:\\\/\\\/schema.org\",\"@graph\":[{\"@type\":\"WebPage\",\"@id\":\"https:\\\/\\\/carefertility.net\\\/dr-rudy-quintero\\\/\",\"url\":\"https:\\\/\\\/carefertility.net\\\/dr-rudy-quintero\\\/\",\"name\":\"Rudy Quintero, MD - Care Fertility\",\"isPartOf\":{\"@id\":\"https:\\\/\\\/carefertility.net\\\/#website\"},\"primaryImageOfPage\":{\"@id\":\"https:\\\/\\\/carefertility.net\\\/dr-rudy-quintero\\\/#primaryimage\"},\"image\":{\"@id\":\"https:\\\/\\\/carefertility.net\\\/dr-rudy-quintero\\\/#primaryimage\"},\"thumbnailUrl\":\"https:\\\/\\\/carefertility.net\\\/wp-content\\\/uploads\\\/2025\\\/04\\\/quintero-1-1-1.jpg\",\"datePublished\":\"2025-04-19T18:16:44+00:00\",\"dateModified\":\"2025-05-26T20:25:20+00:00\",\"breadcrumb\":{\"@id\":\"https:\\\/\\\/carefertility.net\\\/dr-rudy-quintero\\\/#breadcrumb\"},\"inLanguage\":\"es\",\"potentialAction\":[{\"@type\":\"ReadAction\",\"target\":[\"https:\\\/\\\/carefertility.net\\\/dr-rudy-quintero\\\/\"]}]},{\"@type\":\"ImageObject\",\"inLanguage\":\"es\",\"@id\":\"https:\\\/\\\/carefertility.net\\\/dr-rudy-quintero\\\/#primaryimage\",\"url\":\"https:\\\/\\\/carefertility.net\\\/wp-content\\\/uploads\\\/2025\\\/04\\\/quintero-1-1-1.jpg\",\"contentUrl\":\"https:\\\/\\\/carefertility.net\\\/wp-content\\\/uploads\\\/2025\\\/04\\\/quintero-1-1-1.jpg\"},{\"@type\":\"BreadcrumbList\",\"@id\":\"https:\\\/\\\/carefertility.net\\\/dr-rudy-quintero\\\/#breadcrumb\",\"itemListElement\":[{\"@type\":\"ListItem\",\"position\":1,\"name\":\"Home\",\"item\":\"https:\\\/\\\/carefertility.net\\\/\"},{\"@type\":\"ListItem\",\"position\":2,\"name\":\"Rudy Quintero, MD\"}]},{\"@type\":\"WebSite\",\"@id\":\"https:\\\/\\\/carefertility.net\\\/#website\",\"url\":\"https:\\\/\\\/carefertility.net\\\/\",\"name\":\"Care Fertility\",\"description\":\"\",\"publisher\":{\"@id\":\"https:\\\/\\\/carefertility.net\\\/#organization\"},\"potentialAction\":[{\"@type\":\"SearchAction\",\"target\":{\"@type\":\"EntryPoint\",\"urlTemplate\":\"https:\\\/\\\/carefertility.net\\\/?s={search_term_string}\"},\"query-input\":{\"@type\":\"PropertyValueSpecification\",\"valueRequired\":true,\"valueName\":\"search_term_string\"}}],\"inLanguage\":\"es\"},{\"@type\":\"Organization\",\"@id\":\"https:\\\/\\\/carefertility.net\\\/#organization\",\"name\":\"Care Fertility\",\"url\":\"https:\\\/\\\/carefertility.net\\\/\",\"logo\":{\"@type\":\"ImageObject\",\"inLanguage\":\"es\",\"@id\":\"https:\\\/\\\/carefertility.net\\\/#\\\/schema\\\/logo\\\/image\\\/\",\"url\":\"https:\\\/\\\/carefertility.net\\\/wp-content\\\/uploads\\\/2024\\\/03\\\/marca-care-fertility.png\",\"contentUrl\":\"https:\\\/\\\/carefertility.net\\\/wp-content\\\/uploads\\\/2024\\\/03\\\/marca-care-fertility.png\",\"width\":191,\"height\":64,\"caption\":\"Care Fertility\"},\"image\":{\"@id\":\"https:\\\/\\\/carefertility.net\\\/#\\\/schema\\\/logo\\\/image\\\/\"}}]}<\/script>\n<!-- \/ Yoast SEO plugin. -->","yoast_head_json":{"title":"Rudy Quintero, MD - Care Fertility","robots":{"index":"index","follow":"follow","max-snippet":"max-snippet:-1","max-image-preview":"max-image-preview:large","max-video-preview":"max-video-preview:-1"},"canonical":"https:\/\/carefertility.net\/es\/dr-rudy-quintero\/","og_locale":"es_ES","og_type":"article","og_title":"Rudy Quintero, MD - Care Fertility","og_description":"Dr. Rudy Quintero, M.D., F.A.C.O.G. Founder &#038; Medical Director \u2028of CARE Fertility Dr. Rudy Quintero is a leading expert in reproductive medicine, dedicated to helping families achieve their dreams of parenthood. 18+ years of experience in fertility treatments, he combines cutting-edge science with compassionate care to provide personalized solutions for every patient. Schedule a Free [&hellip;]","og_url":"https:\/\/carefertility.net\/es\/dr-rudy-quintero\/","og_site_name":"Care Fertility","article_modified_time":"2025-05-26T20:25:20+00:00","og_image":[{"width":500,"height":464,"url":"https:\/\/carefertility.net\/wp-content\/uploads\/2025\/04\/quintero-1-1-1.jpg","type":"image\/jpeg"}],"twitter_card":"summary_large_image","twitter_misc":{"Tiempo de lectura":"2 minutos"},"schema":{"@context":"https:\/\/schema.org","@graph":[{"@type":"WebPage","@id":"https:\/\/carefertility.net\/dr-rudy-quintero\/","url":"https:\/\/carefertility.net\/dr-rudy-quintero\/","name":"Rudy Quintero, MD - Care Fertility","isPartOf":{"@id":"https:\/\/carefertility.net\/#website"},"primaryImageOfPage":{"@id":"https:\/\/carefertility.net\/dr-rudy-quintero\/#primaryimage"},"image":{"@id":"https:\/\/carefertility.net\/dr-rudy-quintero\/#primaryimage"},"thumbnailUrl":"https:\/\/carefertility.net\/wp-content\/uploads\/2025\/04\/quintero-1-1-1.jpg","datePublished":"2025-04-19T18:16:44+00:00","dateModified":"2025-05-26T20:25:20+00:00","breadcrumb":{"@id":"https:\/\/carefertility.net\/dr-rudy-quintero\/#breadcrumb"},"inLanguage":"es","potentialAction":[{"@type":"ReadAction","target":["https:\/\/carefertility.net\/dr-rudy-quintero\/"]}]},{"@type":"ImageObject","inLanguage":"es","@id":"https:\/\/carefertility.net\/dr-rudy-quintero\/#primaryimage","url":"https:\/\/carefertility.net\/wp-content\/uploads\/2025\/04\/quintero-1-1-1.jpg","contentUrl":"https:\/\/carefertility.net\/wp-content\/uploads\/2025\/04\/quintero-1-1-1.jpg"},{"@type":"BreadcrumbList","@id":"https:\/\/carefertility.net\/dr-rudy-quintero\/#breadcrumb","itemListElement":[{"@type":"ListItem","position":1,"name":"Home","item":"https:\/\/carefertility.net\/"},{"@type":"ListItem","position":2,"name":"Rudy Quintero, MD"}]},{"@type":"WebSite","@id":"https:\/\/carefertility.net\/#website","url":"https:\/\/carefertility.net\/","name":"Care Fertility","description":"","publisher":{"@id":"https:\/\/carefertility.net\/#organization"},"potentialAction":[{"@type":"SearchAction","target":{"@type":"EntryPoint","urlTemplate":"https:\/\/carefertility.net\/?s={search_term_string}"},"query-input":{"@type":"PropertyValueSpecification","valueRequired":true,"valueName":"search_term_string"}}],"inLanguage":"es"},{"@type":"Organization","@id":"https:\/\/carefertility.net\/#organization","name":"Care Fertility","url":"https:\/\/carefertility.net\/","logo":{"@type":"ImageObject","inLanguage":"es","@id":"https:\/\/carefertility.net\/#\/schema\/logo\/image\/","url":"https:\/\/carefertility.net\/wp-content\/uploads\/2024\/03\/marca-care-fertility.png","contentUrl":"https:\/\/carefertility.net\/wp-content\/uploads\/2024\/03\/marca-care-fertility.png","width":191,"height":64,"caption":"Care Fertility"},"image":{"@id":"https:\/\/carefertility.net\/#\/schema\/logo\/image\/"}}]}},"_links":{"self":[{"href":"https:\/\/carefertility.net\/es\/wp-json\/wp\/v2\/pages\/3930","targetHints":{"allow":["GET"]}}],"collection":[{"href":"https:\/\/carefertility.net\/es\/wp-json\/wp\/v2\/pages"}],"about":[{"href":"https:\/\/carefertility.net\/es\/wp-json\/wp\/v2\/types\/page"}],"author":[{"embeddable":true,"href":"https:\/\/carefertility.net\/es\/wp-json\/wp\/v2\/users\/3"}],"replies":[{"embeddable":true,"href":"https:\/\/carefertility.net\/es\/wp-json\/wp\/v2\/comments?post=3930"}],"version-history":[{"count":43,"href":"https:\/\/carefertility.net\/es\/wp-json\/wp\/v2\/pages\/3930\/revisions"}],"predecessor-version":[{"id":4914,"href":"https:\/\/carefertility.net\/es\/wp-json\/wp\/v2\/pages\/3930\/revisions\/4914"}],"wp:attachment":[{"href":"https:\/\/carefertility.net\/es\/wp-json\/wp\/v2\/media?parent=3930"}],"curies":[{"name":"wp","href":"https:\/\/api.w.org\/{rel}","templated":true}]}}