{"id":1880,"date":"2024-03-14T23:32:55","date_gmt":"2024-03-14T23:32:55","guid":{"rendered":"https:\/\/carefertility.net\/?page_id=1880"},"modified":"2024-03-15T18:41:34","modified_gmt":"2024-03-15T18:41:34","slug":"terminos-y-condiciones-del-servicio","status":"publish","type":"page","link":"https:\/\/carefertility.net\/es\/terms-conditions-use\/","title":{"rendered":"Terms &#038; Conditions of Use"},"content":{"rendered":"<div data-elementor-type=\"wp-page\" data-elementor-id=\"1880\" class=\"elementor elementor-1880\" data-elementor-post-type=\"page\">\n\t\t\t\t<div class=\"elementor-element elementor-element-4d57dc6 e-con-full e-flex e-con e-parent\" data-id=\"4d57dc6\" data-element_type=\"container\" data-e-type=\"container\">\n\t\t<div class=\"elementor-element elementor-element-45de689 e-flex e-con-boxed e-con e-child\" data-id=\"45de689\" data-element_type=\"container\" data-e-type=\"container\">\n\t\t\t\t\t<div class=\"e-con-inner\">\n\t\t\t\t<div class=\"elementor-element elementor-element-00a38c2 elementor-widget elementor-widget-breadcrumbs\" data-id=\"00a38c2\" data-element_type=\"widget\" data-e-type=\"widget\" data-widget_type=\"breadcrumbs.default\">\n\t\t\t\t<div class=\"elementor-widget-container\">\n\t\t\t\t\t<p id=\"breadcrumbs\"><span><span><a href=\"https:\/\/carefertility.net\/es\/\">Inicio<\/a><\/span><\/span><\/p>\t\t\t\t<\/div>\n\t\t\t\t<\/div>\n\t\t\t\t<div class=\"elementor-element elementor-element-ecc037c elementor-widget elementor-widget-heading\" data-id=\"ecc037c\" data-element_type=\"widget\" data-e-type=\"widget\" data-widget_type=\"heading.default\">\n\t\t\t\t<div class=\"elementor-widget-container\">\n\t\t\t\t\t<h2 class=\"elementor-heading-title elementor-size-default\">T\u00e9rminos de los servicios<\/h2>\t\t\t\t<\/div>\n\t\t\t\t<\/div>\n\t\t\t\t\t<\/div>\n\t\t\t\t<\/div>\n\t\t\t\t<\/div>\n\t\t<div class=\"elementor-element elementor-element-cf49096 e-flex e-con-boxed e-con e-parent\" data-id=\"cf49096\" data-element_type=\"container\" data-e-type=\"container\">\n\t\t\t\t\t<div class=\"e-con-inner\">\n\t\t<div class=\"elementor-element elementor-element-db29173 e-con-full e-flex e-con e-child\" data-id=\"db29173\" data-element_type=\"container\" data-e-type=\"container\">\n\t\t\t\t<div class=\"elementor-element elementor-element-83d12ee elementor-widget elementor-widget-text-editor\" data-id=\"83d12ee\" data-element_type=\"widget\" data-e-type=\"widget\" data-widget_type=\"text-editor.default\">\n\t\t\t\t<div class=\"elementor-widget-container\">\n\t\t\t\t\t\t\t\t\t<div class=\"wpb_text_column wpb_content_element\"><div class=\"wpb_wrapper\"><div class=\"wpb_text_column wpb_content_element\"><div class=\"wpb_wrapper\"><p>Todo el contenido de este sitio web tiene fines informativos \u00fanicamente. El sitio web CARE Fertility no est\u00e1 destinado a diagnosticar o tratar afecciones m\u00e9dicas, ni sustituye el consejo de un profesional m\u00e9dico. Busca siempre el consejo de tu m\u00e9dico o comun\u00edcate con nuestra oficina para programar una primera consulta gratuita con nuestros especialistas en fertilidad para cualquier pregunta que puedas tener sobre tu condici\u00f3n m\u00e9dica.<\/p><\/div><\/div><div class=\"wpb_text_column wpb_content_element\"><div class=\"wpb_wrapper\"><p>Ten en cuenta que nuestro sitio web puede contener informaci\u00f3n m\u00e9dica que es sexualmente expl\u00edcita. Nuestro servicio est\u00e1 destinado al p\u00fablico en general, pero no est\u00e1 dirigido a menores de 18 a\u00f1os.<\/p><\/div><\/div><\/div><\/div>\t\t\t\t\t\t\t\t<\/div>\n\t\t\t\t<\/div>\n\t\t\t\t<div class=\"elementor-element elementor-element-e96cd40 elementor-widget elementor-widget-heading\" data-id=\"e96cd40\" data-element_type=\"widget\" data-e-type=\"widget\" data-widget_type=\"heading.default\">\n\t\t\t\t<div class=\"elementor-widget-container\">\n\t\t\t\t\t<h2 class=\"elementor-heading-title elementor-size-default\">Marcas registradas y derechos de autor<\/h2>\t\t\t\t<\/div>\n\t\t\t\t<\/div>\n\t\t\t\t<div class=\"elementor-element elementor-element-a97fa9c elementor-widget elementor-widget-text-editor\" data-id=\"a97fa9c\" data-element_type=\"widget\" data-e-type=\"widget\" data-widget_type=\"text-editor.default\">\n\t\t\t\t<div class=\"elementor-widget-container\">\n\t\t\t\t\t\t\t\t\t<p>El logotipo de CARE Fertility y otros s\u00edmbolos que se muestran en nuestro sitio web son marcas de servicio o marcas registradas de CARE Fertility o sus licenciantes. Adem\u00e1s, todo el contenido del sitio web de CARE Fertility, incluido el dise\u00f1o, el texto, los gr\u00e1ficos, los logotipos, las im\u00e1genes, los videos, los clips de audio y las compilaciones de datos son propiedad de CARE Fertility o sus licenciantes y est\u00e1n protegidos por los derechos de autor internacionales y de los Estados Unidos y otros leyes de propiedad. La propiedad de CARE Fertility no se puede usar en conexi\u00f3n con ning\u00fan producto o servicio que no sea el de CARE Fertility sin el consentimiento previo por escrito de CARE Fertility.<\/p>\t\t\t\t\t\t\t\t<\/div>\n\t\t\t\t<\/div>\n\t\t\t\t<div class=\"elementor-element elementor-element-590da57 elementor-widget elementor-widget-heading\" data-id=\"590da57\" data-element_type=\"widget\" data-e-type=\"widget\" data-widget_type=\"heading.default\">\n\t\t\t\t<div class=\"elementor-widget-container\">\n\t\t\t\t\t<h2 class=\"elementor-heading-title elementor-size-default\">Propiedad intelectual<\/h2>\t\t\t\t<\/div>\n\t\t\t\t<\/div>\n\t\t\t\t<div class=\"elementor-element elementor-element-126d9e3 elementor-widget elementor-widget-text-editor\" data-id=\"126d9e3\" data-element_type=\"widget\" data-e-type=\"widget\" data-widget_type=\"text-editor.default\">\n\t\t\t\t<div class=\"elementor-widget-container\">\n\t\t\t\t\t\t\t\t\t<p>El Sitio y su contenido original (excluyendo los testimoniales, Contenido proporcionado por pacientes), caracter\u00edsticas y funcionalidad son y seguir\u00e1n siendo propiedad exclusiva de CARE Fertility y sus licenciantes. El sitio est\u00e1 protegido por derechos de autor, marca registrada y otras leyes de los Estados Unidos y pa\u00edses extranjeros. Nuestras marcas comerciales y nuestra imagen comercial no pueden utilizarse en relaci\u00f3n con ning\u00fan producto o servicio sin el consentimiento previo por escrito de CARE Fertility.<\/p>\t\t\t\t\t\t\t\t<\/div>\n\t\t\t\t<\/div>\n\t\t\t\t<div class=\"elementor-element elementor-element-964c97f elementor-widget elementor-widget-heading\" data-id=\"964c97f\" data-element_type=\"widget\" data-e-type=\"widget\" data-widget_type=\"heading.default\">\n\t\t\t\t<div class=\"elementor-widget-container\">\n\t\t\t\t\t<h2 class=\"elementor-heading-title elementor-size-default\">Enlaces a otros sitios web<\/h2>\t\t\t\t<\/div>\n\t\t\t\t<\/div>\n\t\t\t\t<div class=\"elementor-element elementor-element-7afb0b7 elementor-widget elementor-widget-text-editor\" data-id=\"7afb0b7\" data-element_type=\"widget\" data-e-type=\"widget\" data-widget_type=\"text-editor.default\">\n\t\t\t\t<div class=\"elementor-widget-container\">\n\t\t\t\t\t\t\t\t\t<div class=\"wpb_text_column wpb_content_element\"><div class=\"wpb_wrapper\"><p>Nuestro sitio puede contener enlaces a sitios web o servicios de terceros que no son propiedad ni est\u00e1n controlados por CARE Fertility. CARE Fertility no tiene control ni asume ninguna responsabilidad por el contenido, las pol\u00edticas de privacidad o las pr\u00e1cticas de sitios web o servicios de terceros. No garantizamos las ofertas de ninguna de estas entidades o individuos, o de sus sitios web.<\/p><\/div><\/div><div class=\"wpb_text_column wpb_content_element\"><div class=\"wpb_wrapper\"><p>T\u00fa reconoces y aceptas que CARE Fertility no ser\u00e1 responsable, directa o indirectamente, de ning\u00fan da\u00f1o o p\u00e9rdida causada o supuestamente causada por o en relaci\u00f3n con el uso o la dependencia de dicho contenido, bienes o servicios disponibles en o a trav\u00e9s de dichos sitios web o servicios de terceros.<\/p><\/div><\/div><div class=\"wpb_text_column wpb_content_element\"><div class=\"wpb_wrapper\"><p>Te recomendamos encarecidamente que leas los T\u00e9rminos y condiciones del Servicio y las Pol\u00edticas de privacidad de los sitios web o servicios de terceros que visites.<\/p><\/div><\/div>\t\t\t\t\t\t\t\t<\/div>\n\t\t\t\t<\/div>\n\t\t\t\t<div class=\"elementor-element elementor-element-1eb204f elementor-widget elementor-widget-heading\" data-id=\"1eb204f\" data-element_type=\"widget\" data-e-type=\"widget\" data-widget_type=\"heading.default\">\n\t\t\t\t<div class=\"elementor-widget-container\">\n\t\t\t\t\t<h2 class=\"elementor-heading-title elementor-size-default\">Descargo de Responsabilidad:<\/h2>\t\t\t\t<\/div>\n\t\t\t\t<\/div>\n\t\t\t\t<div class=\"elementor-element elementor-element-45d9d30 elementor-widget elementor-widget-text-editor\" data-id=\"45d9d30\" data-element_type=\"widget\" data-e-type=\"widget\" data-widget_type=\"text-editor.default\">\n\t\t\t\t<div class=\"elementor-widget-container\">\n\t\t\t\t\t\t\t\t\t<div class=\"wpb_text_column wpb_content_element\"><div class=\"wpb_wrapper\"><p>u uso del Sitio es bajo tu propio riesgo. El sitio se proporciona \u00abTAL CUAL\u00bb y \u00abSEG\u00daN DISPONIBILIDAD\u00bb. El Sitio se proporciona sin garant\u00edas de ning\u00fan tipo, ya sean expresas o impl\u00edcitas, incluidas, entre otras, las garant\u00edas impl\u00edcitas de comerciabilidad, idoneidad para un prop\u00f3sito particular, no infracci\u00f3n o curso de ejecuci\u00f3n.<\/p><\/div><\/div><div class=\"wpb_text_column wpb_content_element\"><div class=\"wpb_wrapper\"><p>CARE Fertility, sus subsidiarias, afiliadas y sus licenciantes no garantizan que a) el Sitio funcione sin interrupciones, sea seguro o est\u00e9 disponible en un momento o lugar en particular; b) cualquier error o defecto ser\u00e1 corregido; c) el Sitio est\u00e1 libre de virus u otros componentes da\u00f1inos; o d) los resultados del uso del Sitio cumplir\u00e1n tus requisito<\/p><\/div><\/div>\t\t\t\t\t\t\t\t<\/div>\n\t\t\t\t<\/div>\n\t\t\t\t<div class=\"elementor-element elementor-element-f67e70f elementor-widget elementor-widget-heading\" data-id=\"f67e70f\" data-element_type=\"widget\" data-e-type=\"widget\" data-widget_type=\"heading.default\">\n\t\t\t\t<div class=\"elementor-widget-container\">\n\t\t\t\t\t<h2 class=\"elementor-heading-title elementor-size-default\">Legislaci\u00f3n aplicable<\/h2>\t\t\t\t<\/div>\n\t\t\t\t<\/div>\n\t\t\t\t<div class=\"elementor-element elementor-element-3512d63 elementor-widget elementor-widget-text-editor\" data-id=\"3512d63\" data-element_type=\"widget\" data-e-type=\"widget\" data-widget_type=\"text-editor.default\">\n\t\t\t\t<div class=\"elementor-widget-container\">\n\t\t\t\t\t\t\t\t\t<p>Estos T\u00e9rminos se regir\u00e1n e interpretar\u00e1n de acuerdo con las leyes de California, Estados Unidos sin considerar ninguna previsi\u00f3n de conflicto con otras leyes.<br \/>Nuestra falta de hacer cumplir cualquier derecho o disposici\u00f3n de estos T\u00e9rminos no se considerar\u00e1 una renuncia a esos derechos. Si alguna disposici\u00f3n de estos T\u00e9rminos se considerase inv\u00e1lida o inaplicable por un tribunal, las disposiciones restantes de estos T\u00e9rminos permanecer\u00e1n vigentes. Estos T\u00e9rminos constituyen el acuerdo completo entre t\u00fa y nosotros con respecto a nuestro Sitio, y sustituyen y reemplazan cualquier acuerdo anterior que pudi\u00e9ramos haber realizado t\u00fa y nosotros con respecto al Sitio.<\/p>\t\t\t\t\t\t\t\t<\/div>\n\t\t\t\t<\/div>\n\t\t\t\t<div class=\"elementor-element elementor-element-1eff369 elementor-widget elementor-widget-heading\" data-id=\"1eff369\" data-element_type=\"widget\" data-e-type=\"widget\" data-widget_type=\"heading.default\">\n\t\t\t\t<div class=\"elementor-widget-container\">\n\t\t\t\t\t<h2 class=\"elementor-heading-title elementor-size-default\">Changes to These Terms &amp; Conditions<\/h2>\t\t\t\t<\/div>\n\t\t\t\t<\/div>\n\t\t\t\t<div class=\"elementor-element elementor-element-a066f71 elementor-widget elementor-widget-text-editor\" data-id=\"a066f71\" data-element_type=\"widget\" data-e-type=\"widget\" data-widget_type=\"text-editor.default\">\n\t\t\t\t<div class=\"elementor-widget-container\">\n\t\t\t\t\t\t\t\t\t<div class=\"wpb_text_column wpb_content_element\"><div class=\"wpb_wrapper\"><p>Cambios a estos T\u00e9rminos y condiciones\nEstos T\u00e9rminos y condiciones no pretenden ser un documento contractual y est\u00e1n sujetos a cambios. Nos reservamos el derecho de cambiar o modificar estos T\u00e9rminos y condiciones sin previo aviso. Te notificaremos cualquier cambio publicando los nuevos T\u00e9rminos y condiciones en esta p\u00e1gina.<\/p><\/div><\/div><div class=\"wpb_text_column wpb_content_element\"><div class=\"wpb_wrapper\"><p>Se te recomienda que revises estos T\u00e9rminos y condiciones peri\u00f3dicamente para cualquier cambio. Los cambios a estos T\u00e9rminos y condiciones entran en vigor en el momento en que se publican en esta p\u00e1gina.<\/p><\/div><\/div>\t\t\t\t\t\t\t\t<\/div>\n\t\t\t\t<\/div>\n\t\t\t\t<div class=\"elementor-element elementor-element-4655916 elementor-widget elementor-widget-heading\" data-id=\"4655916\" data-element_type=\"widget\" data-e-type=\"widget\" data-widget_type=\"heading.default\">\n\t\t\t\t<div class=\"elementor-widget-container\">\n\t\t\t\t\t<h2 class=\"elementor-heading-title elementor-size-default\">Cont\u00e1ctanos<\/h2>\t\t\t\t<\/div>\n\t\t\t\t<\/div>\n\t\t\t\t<div class=\"elementor-element elementor-element-47e0d89 elementor-widget elementor-widget-text-editor\" data-id=\"47e0d89\" data-element_type=\"widget\" data-e-type=\"widget\" data-widget_type=\"text-editor.default\">\n\t\t\t\t<div class=\"elementor-widget-container\">\n\t\t\t\t\t\t\t\t\t<p>Si tienes alguna pregunta sobre estos T\u00e9rminos y condiciones, cont\u00e1ctanos a trav\u00e9s de info@carefertility.net<\/p>\t\t\t\t\t\t\t\t<\/div>\n\t\t\t\t<\/div>\n\t\t\t\t<\/div>\n\t\t\t\t\t<\/div>\n\t\t\t\t<\/div>\n\t\t\t\t<\/div>","protected":false},"excerpt":{"rendered":"<p>Terms &amp; Conditions of Use All content on this website is intended for informational purposes only. The CARE fertility website is not intended to diagnose or treat medical conditions, nor is it a substitute for the advice of a medical professional. Always seek the advice of your physician or contact our office to schedule a [&hellip;]<\/p>\n","protected":false},"author":2,"featured_media":0,"parent":0,"menu_order":0,"comment_status":"closed","ping_status":"closed","template":"elementor_header_footer","meta":{"_acf_changed":false,"footnotes":""},"class_list":["post-1880","page","type-page","status-publish","hentry"],"acf":[],"yoast_head":"<!-- This site is optimized with the Yoast SEO plugin v27.6 - https:\/\/yoast.com\/product\/yoast-seo-wordpress\/ -->\n<title>Terms &amp; Conditions of Use - Care Fertility<\/title>\n<meta name=\"robots\" content=\"index, follow, max-snippet:-1, max-image-preview:large, max-video-preview:-1\" \/>\n<link rel=\"canonical\" href=\"https:\/\/carefertility.net\/es\/terminos-y-condiciones-del-servicio\/\" \/>\n<meta property=\"og:locale\" content=\"es_ES\" \/>\n<meta property=\"og:type\" content=\"article\" \/>\n<meta property=\"og:title\" content=\"Terms &amp; Conditions of Use - Care Fertility\" \/>\n<meta property=\"og:description\" content=\"Terms &amp; Conditions of Use All content on this website is intended for informational purposes only. The CARE fertility website is not intended to diagnose or treat medical conditions, nor is it a substitute for the advice of a medical professional. Always seek the advice of your physician or contact our office to schedule a [&hellip;]\" \/>\n<meta property=\"og:url\" content=\"https:\/\/carefertility.net\/es\/terminos-y-condiciones-del-servicio\/\" \/>\n<meta property=\"og:site_name\" content=\"Care Fertility\" \/>\n<meta property=\"article:modified_time\" content=\"2024-03-15T18:41:34+00:00\" \/>\n<meta name=\"twitter:card\" content=\"summary_large_image\" \/>\n<meta name=\"twitter:label1\" content=\"Tiempo de lectura\" \/>\n\t<meta name=\"twitter:data1\" content=\"4 minutos\" \/>\n<script type=\"application\/ld+json\" class=\"yoast-schema-graph\">{\"@context\":\"https:\\\/\\\/schema.org\",\"@graph\":[{\"@type\":\"WebPage\",\"@id\":\"https:\\\/\\\/carefertility.net\\\/terms-conditions-use\\\/\",\"url\":\"https:\\\/\\\/carefertility.net\\\/terms-conditions-use\\\/\",\"name\":\"Terms & Conditions of Use - Care Fertility\",\"isPartOf\":{\"@id\":\"https:\\\/\\\/carefertility.net\\\/#website\"},\"datePublished\":\"2024-03-14T23:32:55+00:00\",\"dateModified\":\"2024-03-15T18:41:34+00:00\",\"breadcrumb\":{\"@id\":\"https:\\\/\\\/carefertility.net\\\/terms-conditions-use\\\/#breadcrumb\"},\"inLanguage\":\"es\",\"potentialAction\":[{\"@type\":\"ReadAction\",\"target\":[\"https:\\\/\\\/carefertility.net\\\/terms-conditions-use\\\/\"]}]},{\"@type\":\"BreadcrumbList\",\"@id\":\"https:\\\/\\\/carefertility.net\\\/terms-conditions-use\\\/#breadcrumb\",\"itemListElement\":[{\"@type\":\"ListItem\",\"position\":1,\"name\":\"Home\",\"item\":\"https:\\\/\\\/carefertility.net\\\/\"},{\"@type\":\"ListItem\",\"position\":2,\"name\":\"Terms &#038; Conditions of Use\"}]},{\"@type\":\"WebSite\",\"@id\":\"https:\\\/\\\/carefertility.net\\\/#website\",\"url\":\"https:\\\/\\\/carefertility.net\\\/\",\"name\":\"Care Fertility\",\"description\":\"\",\"publisher\":{\"@id\":\"https:\\\/\\\/carefertility.net\\\/#organization\"},\"potentialAction\":[{\"@type\":\"SearchAction\",\"target\":{\"@type\":\"EntryPoint\",\"urlTemplate\":\"https:\\\/\\\/carefertility.net\\\/?s={search_term_string}\"},\"query-input\":{\"@type\":\"PropertyValueSpecification\",\"valueRequired\":true,\"valueName\":\"search_term_string\"}}],\"inLanguage\":\"es\"},{\"@type\":\"Organization\",\"@id\":\"https:\\\/\\\/carefertility.net\\\/#organization\",\"name\":\"Care Fertility\",\"url\":\"https:\\\/\\\/carefertility.net\\\/\",\"logo\":{\"@type\":\"ImageObject\",\"inLanguage\":\"es\",\"@id\":\"https:\\\/\\\/carefertility.net\\\/#\\\/schema\\\/logo\\\/image\\\/\",\"url\":\"https:\\\/\\\/carefertility.net\\\/wp-content\\\/uploads\\\/2024\\\/03\\\/marca-care-fertility.png\",\"contentUrl\":\"https:\\\/\\\/carefertility.net\\\/wp-content\\\/uploads\\\/2024\\\/03\\\/marca-care-fertility.png\",\"width\":191,\"height\":64,\"caption\":\"Care Fertility\"},\"image\":{\"@id\":\"https:\\\/\\\/carefertility.net\\\/#\\\/schema\\\/logo\\\/image\\\/\"}}]}<\/script>\n<!-- \/ Yoast SEO plugin. -->","yoast_head_json":{"title":"Terms & Conditions of Use - Care Fertility","robots":{"index":"index","follow":"follow","max-snippet":"max-snippet:-1","max-image-preview":"max-image-preview:large","max-video-preview":"max-video-preview:-1"},"canonical":"https:\/\/carefertility.net\/es\/terminos-y-condiciones-del-servicio\/","og_locale":"es_ES","og_type":"article","og_title":"Terms & Conditions of Use - Care Fertility","og_description":"Terms &amp; Conditions of Use All content on this website is intended for informational purposes only. The CARE fertility website is not intended to diagnose or treat medical conditions, nor is it a substitute for the advice of a medical professional. Always seek the advice of your physician or contact our office to schedule a [&hellip;]","og_url":"https:\/\/carefertility.net\/es\/terminos-y-condiciones-del-servicio\/","og_site_name":"Care Fertility","article_modified_time":"2024-03-15T18:41:34+00:00","twitter_card":"summary_large_image","twitter_misc":{"Tiempo de lectura":"4 minutos"},"schema":{"@context":"https:\/\/schema.org","@graph":[{"@type":"WebPage","@id":"https:\/\/carefertility.net\/terms-conditions-use\/","url":"https:\/\/carefertility.net\/terms-conditions-use\/","name":"Terms & Conditions of Use - Care Fertility","isPartOf":{"@id":"https:\/\/carefertility.net\/#website"},"datePublished":"2024-03-14T23:32:55+00:00","dateModified":"2024-03-15T18:41:34+00:00","breadcrumb":{"@id":"https:\/\/carefertility.net\/terms-conditions-use\/#breadcrumb"},"inLanguage":"es","potentialAction":[{"@type":"ReadAction","target":["https:\/\/carefertility.net\/terms-conditions-use\/"]}]},{"@type":"BreadcrumbList","@id":"https:\/\/carefertility.net\/terms-conditions-use\/#breadcrumb","itemListElement":[{"@type":"ListItem","position":1,"name":"Home","item":"https:\/\/carefertility.net\/"},{"@type":"ListItem","position":2,"name":"Terms &#038; Conditions of Use"}]},{"@type":"WebSite","@id":"https:\/\/carefertility.net\/#website","url":"https:\/\/carefertility.net\/","name":"Care Fertility","description":"","publisher":{"@id":"https:\/\/carefertility.net\/#organization"},"potentialAction":[{"@type":"SearchAction","target":{"@type":"EntryPoint","urlTemplate":"https:\/\/carefertility.net\/?s={search_term_string}"},"query-input":{"@type":"PropertyValueSpecification","valueRequired":true,"valueName":"search_term_string"}}],"inLanguage":"es"},{"@type":"Organization","@id":"https:\/\/carefertility.net\/#organization","name":"Care Fertility","url":"https:\/\/carefertility.net\/","logo":{"@type":"ImageObject","inLanguage":"es","@id":"https:\/\/carefertility.net\/#\/schema\/logo\/image\/","url":"https:\/\/carefertility.net\/wp-content\/uploads\/2024\/03\/marca-care-fertility.png","contentUrl":"https:\/\/carefertility.net\/wp-content\/uploads\/2024\/03\/marca-care-fertility.png","width":191,"height":64,"caption":"Care Fertility"},"image":{"@id":"https:\/\/carefertility.net\/#\/schema\/logo\/image\/"}}]}},"_links":{"self":[{"href":"https:\/\/carefertility.net\/es\/wp-json\/wp\/v2\/pages\/1880","targetHints":{"allow":["GET"]}}],"collection":[{"href":"https:\/\/carefertility.net\/es\/wp-json\/wp\/v2\/pages"}],"about":[{"href":"https:\/\/carefertility.net\/es\/wp-json\/wp\/v2\/types\/page"}],"author":[{"embeddable":true,"href":"https:\/\/carefertility.net\/es\/wp-json\/wp\/v2\/users\/2"}],"replies":[{"embeddable":true,"href":"https:\/\/carefertility.net\/es\/wp-json\/wp\/v2\/comments?post=1880"}],"version-history":[{"count":5,"href":"https:\/\/carefertility.net\/es\/wp-json\/wp\/v2\/pages\/1880\/revisions"}],"predecessor-version":[{"id":2024,"href":"https:\/\/carefertility.net\/es\/wp-json\/wp\/v2\/pages\/1880\/revisions\/2024"}],"wp:attachment":[{"href":"https:\/\/carefertility.net\/es\/wp-json\/wp\/v2\/media?parent=1880"}],"curies":[{"name":"wp","href":"https:\/\/api.w.org\/{rel}","templated":true}]}}