{"id":1703,"date":"2024-03-14T20:16:01","date_gmt":"2024-03-14T20:16:01","guid":{"rendered":"https:\/\/carefertility.net\/?page_id=1703"},"modified":"2024-03-19T20:08:34","modified_gmt":"2024-03-19T20:08:34","slug":"politica-de-privacidad","status":"publish","type":"page","link":"https:\/\/carefertility.net\/es\/privacy-policy\/","title":{"rendered":"Pol\u00edtica de privacidad"},"content":{"rendered":"<div data-elementor-type=\"wp-page\" data-elementor-id=\"1703\" class=\"elementor elementor-1703\" data-elementor-post-type=\"page\">\n\t\t\t\t<div class=\"elementor-element elementor-element-4d57dc6 e-con-full e-flex e-con e-parent\" data-id=\"4d57dc6\" data-element_type=\"container\" data-e-type=\"container\">\n\t\t<div class=\"elementor-element elementor-element-45de689 e-flex e-con-boxed e-con e-child\" data-id=\"45de689\" data-element_type=\"container\" data-e-type=\"container\">\n\t\t\t\t\t<div class=\"e-con-inner\">\n\t\t\t\t<div class=\"elementor-element elementor-element-00a38c2 elementor-widget elementor-widget-breadcrumbs\" data-id=\"00a38c2\" data-element_type=\"widget\" data-e-type=\"widget\" data-widget_type=\"breadcrumbs.default\">\n\t\t\t\t<div class=\"elementor-widget-container\">\n\t\t\t\t\t<p id=\"breadcrumbs\"><span><span><a href=\"https:\/\/carefertility.net\/es\/\">Inicio<\/a><\/span><\/span><\/p>\t\t\t\t<\/div>\n\t\t\t\t<\/div>\n\t\t\t\t<div class=\"elementor-element elementor-element-ecc037c elementor-widget elementor-widget-heading\" data-id=\"ecc037c\" data-element_type=\"widget\" data-e-type=\"widget\" data-widget_type=\"heading.default\">\n\t\t\t\t<div class=\"elementor-widget-container\">\n\t\t\t\t\t<h2 class=\"elementor-heading-title elementor-size-default\">Pol\u00edtica de privacidad<\/h2>\t\t\t\t<\/div>\n\t\t\t\t<\/div>\n\t\t\t\t\t<\/div>\n\t\t\t\t<\/div>\n\t\t\t\t<\/div>\n\t\t<div class=\"elementor-element elementor-element-cf49096 e-flex e-con-boxed e-con e-parent\" data-id=\"cf49096\" data-element_type=\"container\" data-e-type=\"container\">\n\t\t\t\t\t<div class=\"e-con-inner\">\n\t\t<div class=\"elementor-element elementor-element-db29173 e-con-full e-flex e-con e-child\" data-id=\"db29173\" data-element_type=\"container\" data-e-type=\"container\">\n\t\t\t\t<div class=\"elementor-element elementor-element-83d12ee elementor-widget elementor-widget-text-editor\" data-id=\"83d12ee\" data-element_type=\"widget\" data-e-type=\"widget\" data-widget_type=\"text-editor.default\">\n\t\t\t\t<div class=\"elementor-widget-container\">\n\t\t\t\t\t\t\t\t\t<div class=\"wpb_text_column wpb_content_element\"><div class=\"wpb_wrapper\"><p>La protecci\u00f3n de tu informaci\u00f3n personal es muy importante para nosotros.<\/p><\/div><\/div>\t\t\t\t\t\t\t\t<\/div>\n\t\t\t\t<\/div>\n\t\t\t\t<div class=\"elementor-element elementor-element-e96cd40 elementor-widget elementor-widget-heading\" data-id=\"e96cd40\" data-element_type=\"widget\" data-e-type=\"widget\" data-widget_type=\"heading.default\">\n\t\t\t\t<div class=\"elementor-widget-container\">\n\t\t\t\t\t<h2 class=\"elementor-heading-title elementor-size-default\">Informaci\u00f3n personal<\/h2>\t\t\t\t<\/div>\n\t\t\t\t<\/div>\n\t\t\t\t<div class=\"elementor-element elementor-element-a97fa9c elementor-widget elementor-widget-text-editor\" data-id=\"a97fa9c\" data-element_type=\"widget\" data-e-type=\"widget\" data-widget_type=\"text-editor.default\">\n\t\t\t\t<div class=\"elementor-widget-container\">\n\t\t\t\t\t\t\t\t\t<p>Mientras usas nuestro Servicio, podemos pedirte que nos brindes cierta informaci\u00f3n de identificaci\u00f3n personal que puede usarse para contactarte. La informaci\u00f3n de identificaci\u00f3n personal incluye:<\/p><p>- Direcci\u00f3n de correo electr\u00f3nico<br \/>- Nombre<br \/>- N\u00famero de tel\u00e9fono<br \/>Informaci\u00f3n del tipo de tratamiento o preguntas que puedas tener<\/p><p>Si solicitas una consulta de fertilidad con uno de nuestros m\u00e9dicos, utilizaremos esta informaci\u00f3n para comunicarnos contigo. Podemos usar tus Datos personales para contactarte con boletines informativos, materiales de marketing o promocionales y otra informaci\u00f3n que pueda ser de tu inter\u00e9s. Puedes optar por no recibir alguna o ninguna de estas comunicaciones de nuestra parte usando el enlace para darte de baja o siguiendo las instrucciones proporcionadas en cualquier correo electr\u00f3nico que te enviemos.<\/p><p>Podr\u00edamos utilizar tus Datos personales para comunicarnos contigo a trav\u00e9s de mensajes de texto para confirmar citas, recordatorios y otra informaci\u00f3n relevante, como materiales promocionales o de marketing que puedan interesarte. Se podr\u00edan aplicar tarifas por mensajes de texto. Puedes optar por no recibir alguna o todas estas comunicaciones comunic\u00e1ndote con nosotros a info@carefertility.net o al (818) 230-7778.<\/p>\t\t\t\t\t\t\t\t<\/div>\n\t\t\t\t<\/div>\n\t\t\t\t<div class=\"elementor-element elementor-element-590da57 elementor-widget elementor-widget-heading\" data-id=\"590da57\" data-element_type=\"widget\" data-e-type=\"widget\" data-widget_type=\"heading.default\">\n\t\t\t\t<div class=\"elementor-widget-container\">\n\t\t\t\t\t<h2 class=\"elementor-heading-title elementor-size-default\">Seguridad de los datos<\/h2>\t\t\t\t<\/div>\n\t\t\t\t<\/div>\n\t\t\t\t<div class=\"elementor-element elementor-element-126d9e3 elementor-widget elementor-widget-text-editor\" data-id=\"126d9e3\" data-element_type=\"widget\" data-e-type=\"widget\" data-widget_type=\"text-editor.default\">\n\t\t\t\t<div class=\"elementor-widget-container\">\n\t\t\t\t\t\t\t\t\t<p>La seguridad de tus datos es importante para nosotros, pero recuerda que ning\u00fan m\u00e9todo de transmisi\u00f3n por Internet o m\u00e9todo de almacenamiento electr\u00f3nico es 100 por ciento seguro. Si bien nos esforzamos por utilizar medios comercialmente aceptables para proteger tus Datos personales, no podemos garantizar su seguridad absoluta. Trabajamos continuamente para mantener nuestros altos niveles de privacidad y garantizar la protecci\u00f3n de los visitantes de nuestro sitio.<\/p><p>Nunca vendemos ni alquilamos ninguna informaci\u00f3n personal que recopilamos en nuestro sitio.<\/p>\t\t\t\t\t\t\t\t<\/div>\n\t\t\t\t<\/div>\n\t\t\t\t<div class=\"elementor-element elementor-element-964c97f elementor-widget elementor-widget-heading\" data-id=\"964c97f\" data-element_type=\"widget\" data-e-type=\"widget\" data-widget_type=\"heading.default\">\n\t\t\t\t<div class=\"elementor-widget-container\">\n\t\t\t\t\t<h2 class=\"elementor-heading-title elementor-size-default\">Enlaces a otros sitios<\/h2>\t\t\t\t<\/div>\n\t\t\t\t<\/div>\n\t\t\t\t<div class=\"elementor-element elementor-element-7afb0b7 elementor-widget elementor-widget-text-editor\" data-id=\"7afb0b7\" data-element_type=\"widget\" data-e-type=\"widget\" data-widget_type=\"text-editor.default\">\n\t\t\t\t<div class=\"elementor-widget-container\">\n\t\t\t\t\t\t\t\t\t<p>Nuestro servicio puede contener enlaces a otros sitios que no son operados por nosotros. Si haces clic en un enlace de un tercero, se te dirigir\u00e1 al sitio de ese tercero. Te recomendamos encarecidamente que revises la Pol\u00edtica de privacidad de cada sitio que visites.<\/p><p>No tenemos control ni asumimos ninguna responsabilidad por el contenido, las pol\u00edticas de privacidad o las pr\u00e1cticas de sitios o servicios de terceros.<\/p>\t\t\t\t\t\t\t\t<\/div>\n\t\t\t\t<\/div>\n\t\t\t\t<div class=\"elementor-element elementor-element-1eb204f elementor-widget elementor-widget-heading\" data-id=\"1eb204f\" data-element_type=\"widget\" data-e-type=\"widget\" data-widget_type=\"heading.default\">\n\t\t\t\t<div class=\"elementor-widget-container\">\n\t\t\t\t\t<h2 class=\"elementor-heading-title elementor-size-default\">Anal\u00edtica<\/h2>\t\t\t\t<\/div>\n\t\t\t\t<\/div>\n\t\t\t\t<div class=\"elementor-element elementor-element-45d9d30 elementor-widget elementor-widget-text-editor\" data-id=\"45d9d30\" data-element_type=\"widget\" data-e-type=\"widget\" data-widget_type=\"text-editor.default\">\n\t\t\t\t<div class=\"elementor-widget-container\">\n\t\t\t\t\t\t\t\t\t<p>Es posible que utilicemos proveedores de servicios externos para monitorear y analizar el uso de nuestro servicio.<\/p>\t\t\t\t\t\t\t\t<\/div>\n\t\t\t\t<\/div>\n\t\t\t\t<div class=\"elementor-element elementor-element-f67e70f elementor-widget elementor-widget-heading\" data-id=\"f67e70f\" data-element_type=\"widget\" data-e-type=\"widget\" data-widget_type=\"heading.default\">\n\t\t\t\t<div class=\"elementor-widget-container\">\n\t\t\t\t\t<h2 class=\"elementor-heading-title elementor-size-default\">Google Analytics<\/h2>\t\t\t\t<\/div>\n\t\t\t\t<\/div>\n\t\t\t\t<div class=\"elementor-element elementor-element-3512d63 elementor-widget elementor-widget-text-editor\" data-id=\"3512d63\" data-element_type=\"widget\" data-e-type=\"widget\" data-widget_type=\"text-editor.default\">\n\t\t\t\t<div class=\"elementor-widget-container\">\n\t\t\t\t\t\t\t\t\t<p>Google Analytics es un servicio de an\u00e1lisis web ofrecido por Google que rastrea e informa el tr\u00e1fico del sitio web. Google utiliza los datos recopilados para rastrear y controlar el uso de nuestro Servicio. Estos datos se comparten con otros servicios de Google. Google puede usar los datos recopilados para contextualizar y personalizar los anuncios de su propia red publicitaria.<\/p><p>Puedes optar por no participar en ciertas funciones de Google Analytics a trav\u00e9s de la configuraci\u00f3n de tu dispositivo m\u00f3vil, como la configuraci\u00f3n de publicidad de tu dispositivo o siguiendo las instrucciones proporcionadas por Google en su Pol\u00edtica de privacidad:\u00a0<a href=\"https:\/\/policies.google.com\/privacy?hl=es\">https:\/\/policies.google.com\/privacy?hl=es<\/a><\/p><p>Para obtener m\u00e1s informaci\u00f3n sobre las pr\u00e1cticas de privacidad de Google, visita la p\u00e1gina web T\u00e9rminos de privacidad de Google:\u00a0<a href=\"https:\/\/policies.google.com\/privacy?hl=es\">https:\/\/policies.google.com\/privacy?hl=es<\/a><\/p>\t\t\t\t\t\t\t\t<\/div>\n\t\t\t\t<\/div>\n\t\t\t\t<div class=\"elementor-element elementor-element-1eff369 elementor-widget elementor-widget-heading\" data-id=\"1eff369\" data-element_type=\"widget\" data-e-type=\"widget\" data-widget_type=\"heading.default\">\n\t\t\t\t<div class=\"elementor-widget-container\">\n\t\t\t\t\t<h2 class=\"elementor-heading-title elementor-size-default\">CallRail<\/h2>\t\t\t\t<\/div>\n\t\t\t\t<\/div>\n\t\t\t\t<div class=\"elementor-element elementor-element-a066f71 elementor-widget elementor-widget-text-editor\" data-id=\"a066f71\" data-element_type=\"widget\" data-e-type=\"widget\" data-widget_type=\"text-editor.default\">\n\t\t\t\t<div class=\"elementor-widget-container\">\n\t\t\t\t\t\t\t\t\t<p>CallRail es un proveedor externo que se utiliza para rastrear las llamadas telef\u00f3nicas realizadas marcando los n\u00fameros de tel\u00e9fono que aparecen en este sitio web.<\/p><p>Para obtener m\u00e1s informaci\u00f3n sobre las pr\u00e1cticas de privacidad de CallRail, visita la p\u00e1gina web de T\u00e9rminos de privacidad de CallRail:\u00a0<a href=\"https:\/\/www.callrail.com\/privacy\/\">https:\/\/www.callrail.com\/privacy\/<\/a><\/p>\t\t\t\t\t\t\t\t<\/div>\n\t\t\t\t<\/div>\n\t\t\t\t<div class=\"elementor-element elementor-element-ed8e734 elementor-widget elementor-widget-heading\" data-id=\"ed8e734\" data-element_type=\"widget\" data-e-type=\"widget\" data-widget_type=\"heading.default\">\n\t\t\t\t<div class=\"elementor-widget-container\">\n\t\t\t\t\t<h2 class=\"elementor-heading-title elementor-size-default\">Menores de edad<\/h2>\t\t\t\t<\/div>\n\t\t\t\t<\/div>\n\t\t\t\t<div class=\"elementor-element elementor-element-c6234a1 elementor-widget elementor-widget-text-editor\" data-id=\"c6234a1\" data-element_type=\"widget\" data-e-type=\"widget\" data-widget_type=\"text-editor.default\">\n\t\t\t\t<div class=\"elementor-widget-container\">\n\t\t\t\t\t\t\t\t\t<p>Nuestro servicio est\u00e1 destinado al p\u00fablico en general y no est\u00e1 dirigido a ni\u00f1os menores de 18 a\u00f1os (\u00abmenores de edad\u00bb). No recopilamos intencionalmente informaci\u00f3n de identificaci\u00f3n personal de ninguna persona menor de 18 a\u00f1os. Si te das cuenta de que un menor de edad nos ha proporcionado informaci\u00f3n personal sin el consentimiento de sus padres, cont\u00e1ctanos en\u00a0<a href=\"mailto:info@carefertility.net\">info@carefertility.net<\/a>.<\/p><p>Si eres padre o tutor y sabes que tu hijo nos ha proporcionado datos personales, cont\u00e1ctanos en info@carefertility.net<br \/>Si nos damos cuenta de que un ni\u00f1o menor de 18 a\u00f1os nos ha proporcionado informaci\u00f3n personal, tomamos medidas para eliminar dicha informaci\u00f3n.<\/p>\t\t\t\t\t\t\t\t<\/div>\n\t\t\t\t<\/div>\n\t\t\t\t<div class=\"elementor-element elementor-element-3cd0e11 elementor-widget elementor-widget-heading\" data-id=\"3cd0e11\" data-element_type=\"widget\" data-e-type=\"widget\" data-widget_type=\"heading.default\">\n\t\t\t\t<div class=\"elementor-widget-container\">\n\t\t\t\t\t<h2 class=\"elementor-heading-title elementor-size-default\">Tus derechos de protecci\u00f3n de datos bajo el Reglamento general de protecci\u00f3n de datos (RGPD o GDPR, por sus siglas en ingl\u00e9s)<\/h2>\t\t\t\t<\/div>\n\t\t\t\t<\/div>\n\t\t\t\t<div class=\"elementor-element elementor-element-0a53734 elementor-widget elementor-widget-text-editor\" data-id=\"0a53734\" data-element_type=\"widget\" data-e-type=\"widget\" data-widget_type=\"text-editor.default\">\n\t\t\t\t<div class=\"elementor-widget-container\">\n\t\t\t\t\t\t\t\t\t<p>Si eres residente del Espacio Econ\u00f3mico Europeo (EEE), tienes ciertos derechos de protecci\u00f3n de datos. CARE Fertility tiene como objetivo tomar medidas razonables para permitirte corregir, modificar, eliminar o limitar el uso de tus Datos personales.<\/p><p>Si deseas recibir informaci\u00f3n sobre los Datos personales que tenemos sobre ti y si deseas que se eliminen de nuestros sistemas, cont\u00e1ctanos.<\/p><p>En determinadas circunstancias, tienes los siguientes derechos de protecci\u00f3n de datos:<\/p><ul><li>El derecho a acceder, actualizar o eliminar la informaci\u00f3n que tenemos sobre ti. Siempre que sea posible, puedes acceder, actualizar o solicitar la eliminaci\u00f3n de tus Datos personales directamente en la secci\u00f3n de configuraci\u00f3n de tu cuenta. Si no puedes realizar estas acciones t\u00fa mismo, cont\u00e1ctanos para ayudarte.<\/li><li>El derecho de rectificaci\u00f3n. Tienes derecho a rectificar tu informaci\u00f3n si esa informaci\u00f3n es inexacta o est\u00e1 incompleta.<\/li><li>El derecho de objetar. Tienes derecho a oponerte a nuestro procesamiento de tus Datos personales.<\/li><li>El derecho de restricci\u00f3n. Tienes derecho a solicitar que restrinjamos el procesamiento de tu informaci\u00f3n personal.<\/li><li>El derecho a la portabilidad de datos. Tienes derecho a recibir una copia de la informaci\u00f3n que tenemos sobre ti en un formato estructurado, legible por m\u00e1quina y de uso com\u00fan.<\/li><li>El derecho a retirar tu consentimiento. Tambi\u00e9n tienes derecho en cualquier momento a retirar tu consentimiento para que CARE Fertility procese tu informaci\u00f3n personal.<\/li><\/ul><p>Ten en cuenta que podemos pedirte que verifiques tu identidad antes de responder a tales solicitudes.<\/p><p>Tienes derecho a presentar una queja ante una Autoridad de Protecci\u00f3n de Datos sobre nuestra recopilaci\u00f3n y uso de tus Datos personales. Para obtener m\u00e1s informaci\u00f3n, comun\u00edcate con tu autoridad local de protecci\u00f3n de datos en el Espacio Econ\u00f3mico Europeo (EEE).<\/p>\t\t\t\t\t\t\t\t<\/div>\n\t\t\t\t<\/div>\n\t\t\t\t<div class=\"elementor-element elementor-element-48816aa elementor-widget elementor-widget-heading\" data-id=\"48816aa\" data-element_type=\"widget\" data-e-type=\"widget\" data-widget_type=\"heading.default\">\n\t\t\t\t<div class=\"elementor-widget-container\">\n\t\t\t\t\t<h2 class=\"elementor-heading-title elementor-size-default\">Cambios a esta Pol\u00edtica de privacidad<\/h2>\t\t\t\t<\/div>\n\t\t\t\t<\/div>\n\t\t\t\t<div class=\"elementor-element elementor-element-35f205c elementor-widget elementor-widget-text-editor\" data-id=\"35f205c\" data-element_type=\"widget\" data-e-type=\"widget\" data-widget_type=\"text-editor.default\">\n\t\t\t\t<div class=\"elementor-widget-container\">\n\t\t\t\t\t\t\t\t\t<div class=\"wpb_text_column wpb_content_element\"><div class=\"wpb_wrapper\"><p>Esta Pol\u00edtica de privacidad no pretende ser un documento contractual y est\u00e1 sujeta a cambios. Nos reservamos el derecho de cambiar o modificar nuestra Pol\u00edtica de privacidad sin previo aviso. Te notificaremos cualquier cambio publicando la nueva Pol\u00edtica de privacidad en esta p\u00e1gina.<\/p><p>Te recomendamos revisar esta Pol\u00edtica de privacidad peri\u00f3dicamente para detectar cualquier cambio. Los cambios a esta Pol\u00edtica de privacidad entran en vigor en el momento en que se publican en esta p\u00e1gina.<\/p><\/div><\/div>\t\t\t\t\t\t\t\t<\/div>\n\t\t\t\t<\/div>\n\t\t\t\t<div class=\"elementor-element elementor-element-4655916 elementor-widget elementor-widget-heading\" data-id=\"4655916\" data-element_type=\"widget\" data-e-type=\"widget\" data-widget_type=\"heading.default\">\n\t\t\t\t<div class=\"elementor-widget-container\">\n\t\t\t\t\t<h2 class=\"elementor-heading-title elementor-size-default\">Cont\u00e1ctanos<\/h2>\t\t\t\t<\/div>\n\t\t\t\t<\/div>\n\t\t\t\t<div class=\"elementor-element elementor-element-47e0d89 elementor-widget elementor-widget-text-editor\" data-id=\"47e0d89\" data-element_type=\"widget\" data-e-type=\"widget\" data-widget_type=\"text-editor.default\">\n\t\t\t\t<div class=\"elementor-widget-container\">\n\t\t\t\t\t\t\t\t\t<p>Si tienes alguna pregunta sobre esta Pol\u00edtica de privacidad, comun\u00edcate por correo electr\u00f3nico a info@carefertility.net.<\/p>\t\t\t\t\t\t\t\t<\/div>\n\t\t\t\t<\/div>\n\t\t\t\t<\/div>\n\t\t\t\t\t<\/div>\n\t\t\t\t<\/div>\n\t\t\t\t<\/div>","protected":false},"excerpt":{"rendered":"<p>Privacy Policy The protection of your personal information is very important to us. Personal Data While using our Service, we may ask you to provide us with certain personally identifiable information that can be used to contact you. Personally identifiable information includes: \u2013 Email address\u2013 Name\u2013 Phone number\u2013 Type of treatment information or general inquiries [&hellip;]<\/p>\n","protected":false},"author":2,"featured_media":0,"parent":0,"menu_order":0,"comment_status":"closed","ping_status":"closed","template":"elementor_header_footer","meta":{"_acf_changed":false,"footnotes":""},"class_list":["post-1703","page","type-page","status-publish","hentry"],"acf":[],"yoast_head":"<!-- This site is optimized with the Yoast SEO plugin v27.4 - https:\/\/yoast.com\/product\/yoast-seo-wordpress\/ -->\n<title>Privacy Policy - Care Fertility<\/title>\n<meta name=\"robots\" content=\"index, follow, max-snippet:-1, max-image-preview:large, max-video-preview:-1\" \/>\n<link rel=\"canonical\" href=\"https:\/\/carefertility.net\/es\/politica-de-privacidad\/\" \/>\n<meta property=\"og:locale\" content=\"es_ES\" \/>\n<meta property=\"og:type\" content=\"article\" \/>\n<meta property=\"og:title\" content=\"Privacy Policy - Care Fertility\" \/>\n<meta property=\"og:description\" content=\"Privacy Policy The protection of your personal information is very important to us. Personal Data While using our Service, we may ask you to provide us with certain personally identifiable information that can be used to contact you. Personally identifiable information includes: \u2013 Email address\u2013 Name\u2013 Phone number\u2013 Type of treatment information or general inquiries [&hellip;]\" \/>\n<meta property=\"og:url\" content=\"https:\/\/carefertility.net\/es\/politica-de-privacidad\/\" \/>\n<meta property=\"og:site_name\" content=\"Care Fertility\" \/>\n<meta property=\"article:modified_time\" content=\"2024-03-19T20:08:34+00:00\" \/>\n<meta name=\"twitter:card\" content=\"summary_large_image\" \/>\n<meta name=\"twitter:label1\" content=\"Tiempo de lectura\" \/>\n\t<meta name=\"twitter:data1\" content=\"5 minutos\" \/>\n<script type=\"application\/ld+json\" class=\"yoast-schema-graph\">{\"@context\":\"https:\\\/\\\/schema.org\",\"@graph\":[{\"@type\":\"WebPage\",\"@id\":\"https:\\\/\\\/carefertility.net\\\/privacy-policy\\\/\",\"url\":\"https:\\\/\\\/carefertility.net\\\/privacy-policy\\\/\",\"name\":\"Privacy Policy - Care Fertility\",\"isPartOf\":{\"@id\":\"https:\\\/\\\/carefertility.net\\\/#website\"},\"datePublished\":\"2024-03-14T20:16:01+00:00\",\"dateModified\":\"2024-03-19T20:08:34+00:00\",\"breadcrumb\":{\"@id\":\"https:\\\/\\\/carefertility.net\\\/privacy-policy\\\/#breadcrumb\"},\"inLanguage\":\"es\",\"potentialAction\":[{\"@type\":\"ReadAction\",\"target\":[\"https:\\\/\\\/carefertility.net\\\/privacy-policy\\\/\"]}]},{\"@type\":\"BreadcrumbList\",\"@id\":\"https:\\\/\\\/carefertility.net\\\/privacy-policy\\\/#breadcrumb\",\"itemListElement\":[{\"@type\":\"ListItem\",\"position\":1,\"name\":\"Home\",\"item\":\"https:\\\/\\\/carefertility.net\\\/\"},{\"@type\":\"ListItem\",\"position\":2,\"name\":\"Privacy Policy\"}]},{\"@type\":\"WebSite\",\"@id\":\"https:\\\/\\\/carefertility.net\\\/#website\",\"url\":\"https:\\\/\\\/carefertility.net\\\/\",\"name\":\"Care Fertility\",\"description\":\"\",\"publisher\":{\"@id\":\"https:\\\/\\\/carefertility.net\\\/#organization\"},\"potentialAction\":[{\"@type\":\"SearchAction\",\"target\":{\"@type\":\"EntryPoint\",\"urlTemplate\":\"https:\\\/\\\/carefertility.net\\\/?s={search_term_string}\"},\"query-input\":{\"@type\":\"PropertyValueSpecification\",\"valueRequired\":true,\"valueName\":\"search_term_string\"}}],\"inLanguage\":\"es\"},{\"@type\":\"Organization\",\"@id\":\"https:\\\/\\\/carefertility.net\\\/#organization\",\"name\":\"Care Fertility\",\"url\":\"https:\\\/\\\/carefertility.net\\\/\",\"logo\":{\"@type\":\"ImageObject\",\"inLanguage\":\"es\",\"@id\":\"https:\\\/\\\/carefertility.net\\\/#\\\/schema\\\/logo\\\/image\\\/\",\"url\":\"https:\\\/\\\/carefertility.net\\\/wp-content\\\/uploads\\\/2024\\\/03\\\/marca-care-fertility.png\",\"contentUrl\":\"https:\\\/\\\/carefertility.net\\\/wp-content\\\/uploads\\\/2024\\\/03\\\/marca-care-fertility.png\",\"width\":191,\"height\":64,\"caption\":\"Care Fertility\"},\"image\":{\"@id\":\"https:\\\/\\\/carefertility.net\\\/#\\\/schema\\\/logo\\\/image\\\/\"}}]}<\/script>\n<!-- \/ Yoast SEO plugin. -->","yoast_head_json":{"title":"Privacy Policy - Care Fertility","robots":{"index":"index","follow":"follow","max-snippet":"max-snippet:-1","max-image-preview":"max-image-preview:large","max-video-preview":"max-video-preview:-1"},"canonical":"https:\/\/carefertility.net\/es\/politica-de-privacidad\/","og_locale":"es_ES","og_type":"article","og_title":"Privacy Policy - Care Fertility","og_description":"Privacy Policy The protection of your personal information is very important to us. Personal Data While using our Service, we may ask you to provide us with certain personally identifiable information that can be used to contact you. Personally identifiable information includes: \u2013 Email address\u2013 Name\u2013 Phone number\u2013 Type of treatment information or general inquiries [&hellip;]","og_url":"https:\/\/carefertility.net\/es\/politica-de-privacidad\/","og_site_name":"Care Fertility","article_modified_time":"2024-03-19T20:08:34+00:00","twitter_card":"summary_large_image","twitter_misc":{"Tiempo de lectura":"5 minutos"},"schema":{"@context":"https:\/\/schema.org","@graph":[{"@type":"WebPage","@id":"https:\/\/carefertility.net\/privacy-policy\/","url":"https:\/\/carefertility.net\/privacy-policy\/","name":"Privacy Policy - Care Fertility","isPartOf":{"@id":"https:\/\/carefertility.net\/#website"},"datePublished":"2024-03-14T20:16:01+00:00","dateModified":"2024-03-19T20:08:34+00:00","breadcrumb":{"@id":"https:\/\/carefertility.net\/privacy-policy\/#breadcrumb"},"inLanguage":"es","potentialAction":[{"@type":"ReadAction","target":["https:\/\/carefertility.net\/privacy-policy\/"]}]},{"@type":"BreadcrumbList","@id":"https:\/\/carefertility.net\/privacy-policy\/#breadcrumb","itemListElement":[{"@type":"ListItem","position":1,"name":"Home","item":"https:\/\/carefertility.net\/"},{"@type":"ListItem","position":2,"name":"Privacy Policy"}]},{"@type":"WebSite","@id":"https:\/\/carefertility.net\/#website","url":"https:\/\/carefertility.net\/","name":"Care Fertility","description":"","publisher":{"@id":"https:\/\/carefertility.net\/#organization"},"potentialAction":[{"@type":"SearchAction","target":{"@type":"EntryPoint","urlTemplate":"https:\/\/carefertility.net\/?s={search_term_string}"},"query-input":{"@type":"PropertyValueSpecification","valueRequired":true,"valueName":"search_term_string"}}],"inLanguage":"es"},{"@type":"Organization","@id":"https:\/\/carefertility.net\/#organization","name":"Care Fertility","url":"https:\/\/carefertility.net\/","logo":{"@type":"ImageObject","inLanguage":"es","@id":"https:\/\/carefertility.net\/#\/schema\/logo\/image\/","url":"https:\/\/carefertility.net\/wp-content\/uploads\/2024\/03\/marca-care-fertility.png","contentUrl":"https:\/\/carefertility.net\/wp-content\/uploads\/2024\/03\/marca-care-fertility.png","width":191,"height":64,"caption":"Care Fertility"},"image":{"@id":"https:\/\/carefertility.net\/#\/schema\/logo\/image\/"}}]}},"_links":{"self":[{"href":"https:\/\/carefertility.net\/es\/wp-json\/wp\/v2\/pages\/1703","targetHints":{"allow":["GET"]}}],"collection":[{"href":"https:\/\/carefertility.net\/es\/wp-json\/wp\/v2\/pages"}],"about":[{"href":"https:\/\/carefertility.net\/es\/wp-json\/wp\/v2\/types\/page"}],"author":[{"embeddable":true,"href":"https:\/\/carefertility.net\/es\/wp-json\/wp\/v2\/users\/2"}],"replies":[{"embeddable":true,"href":"https:\/\/carefertility.net\/es\/wp-json\/wp\/v2\/comments?post=1703"}],"version-history":[{"count":23,"href":"https:\/\/carefertility.net\/es\/wp-json\/wp\/v2\/pages\/1703\/revisions"}],"predecessor-version":[{"id":2771,"href":"https:\/\/carefertility.net\/es\/wp-json\/wp\/v2\/pages\/1703\/revisions\/2771"}],"wp:attachment":[{"href":"https:\/\/carefertility.net\/es\/wp-json\/wp\/v2\/media?parent=1703"}],"curies":[{"name":"wp","href":"https:\/\/api.w.org\/{rel}","templated":true}]}}